{"id":1025,"date":"2020-03-16T05:00:19","date_gmt":"2020-03-16T04:00:19","guid":{"rendered":"http:\/\/paroisse-bangkok.com\/?page_id=1025"},"modified":"2025-10-03T09:42:46","modified_gmt":"2025-10-03T07:42:46","slug":"les-sacrements-et-plus","status":"publish","type":"page","link":"http:\/\/paroisse-bangkok.com\/index.php\/les-sacrements-et-plus\/","title":{"rendered":"Sacrements"},"content":{"rendered":"\n<div class=\"wp-block-media-text alignwide is-stacked-on-mobile\"><figure class=\"wp-block-media-text__media\"><img loading=\"lazy\" width=\"202\" height=\"200\" src=\"http:\/\/paroisse-bangkok.com\/wp-content\/uploads\/2022\/04\/vig-baptistere-1d404-1.jpg\" alt=\"\" class=\"wp-image-3530 size-full\" srcset=\"http:\/\/paroisse-bangkok.com\/wp-content\/uploads\/2022\/04\/vig-baptistere-1d404-1.jpg 202w, http:\/\/paroisse-bangkok.com\/wp-content\/uploads\/2022\/04\/vig-baptistere-1d404-1-150x150.jpg 150w\" sizes=\"(max-width: 202px) 100vw, 202px\" \/><\/figure><div class=\"wp-block-media-text__content\">\n<p>Nous serons heureux de vous accueillir, contactez la paroisse!<\/p>\n<\/div><\/div>\n\n\n<p>Premi\u00e8re communion<\/p>\n<p>Confirmation<\/p>\n<p>Mariage<\/p>\n<div class=\"x14z9mp xat24cr x1lziwak x1vvkbs xtlvy1s x126k92a\">\n<div dir=\"auto\">Une nouvelle session de pr\u00e9paration au mariage va commencer en octobre 2025 \u00e0 la paroisse, jusqu&rsquo;en d\u00e9cembre.<\/div>\n<\/div>\n<div class=\"x14z9mp xat24cr x1lziwak x1vvkbs xtlvy1s x126k92a\">\n<div dir=\"auto\"><span class=\"html-span xexx8yu xyri2b x18d9i69 x1c1uobl x1hl2dhg x16tdsg8 x1vvkbs x3nfvp2 x1j61x8r x1fcty0u xdj266r xat24cr xm2jcoa x1mpyi22 xxymvpz xlup9mm x1kky2od\"><img loading=\"lazy\" class=\"xz74otr x15mokao x1ga7v0g x16uus16 xbiv7yw\" src=\"https:\/\/static.xx.fbcdn.net\/images\/emoji.php\/v9\/t1f\/2\/16\/27a1.png\" alt=\"\u27a1\ufe0f\" width=\"16\" height=\"16\" \/><\/span> Si vous souhaitez vous marier prochainement, \u00e0 l&rsquo;\u00e9t\u00e9 2026, ou si vous connaissez des couples qui d\u00e9sirent se pr\u00e9parer au mariage catholique, c\u2019est le moment de prendre contact avec la paroisse.<\/div>\n<\/div>\n<div class=\"x14z9mp xat24cr x1lziwak x1vvkbs xtlvy1s x126k92a\">\n<div dir=\"auto\"><span class=\"html-span xexx8yu xyri2b x18d9i69 x1c1uobl x1hl2dhg x16tdsg8 x1vvkbs x3nfvp2 x1j61x8r x1fcty0u xdj266r xat24cr xm2jcoa x1mpyi22 xxymvpz xlup9mm x1kky2od\"><img loading=\"lazy\" class=\"xz74otr x15mokao x1ga7v0g x16uus16 xbiv7yw\" src=\"https:\/\/static.xx.fbcdn.net\/images\/emoji.php\/v9\/t5d\/2\/16\/1f4e7.png\" alt=\"\ud83d\udce7\" width=\"16\" height=\"16\" \/><\/span> paroissecatholique.bangkok@gmail.com<\/div>\n<\/div>\n<div class=\"x14z9mp xat24cr x1lziwak x1vvkbs xtlvy1s x126k92a\">\n<div dir=\"auto\"><span class=\"html-span xexx8yu xyri2b x18d9i69 x1c1uobl x1hl2dhg x16tdsg8 x1vvkbs x3nfvp2 x1j61x8r x1fcty0u xdj266r xat24cr xm2jcoa x1mpyi22 xxymvpz xlup9mm x1kky2od\"><img loading=\"lazy\" class=\"xz74otr x15mokao x1ga7v0g x16uus16 xbiv7yw\" src=\"https:\/\/static.xx.fbcdn.net\/images\/emoji.php\/v9\/t1f\/2\/16\/1f64f.png\" alt=\"\ud83d\ude4f\" width=\"16\" height=\"16\" \/><\/span> Merci de relayer largement autour de vous !<\/div>\n<\/div>\n<p>R\u00e9conciliation<\/p>\n<p>Sacrement des malades, Extr\u00eame onction<\/p>","protected":false},"excerpt":{"rendered":"<p>Nous serons heureux de vous accueillir, contactez la paroisse! Premi\u00e8re communion Confirmation Mariage Une nouvelle session de pr\u00e9paration au mariage va commencer en octobre 2025 \u00e0 la paroisse, jusqu&rsquo;en d\u00e9cembre. Si vous souhaitez vous marier prochainement, \u00e0 l&rsquo;\u00e9t\u00e9 2026, ou si vous connaissez des couples qui d\u00e9sirent se pr\u00e9parer au mariage catholique, c\u2019est le moment &hellip; <a href=\"http:\/\/paroisse-bangkok.com\/index.php\/les-sacrements-et-plus\/\" class=\"more-link\">Continuer la lecture de <span class=\"screen-reader-text\">Sacrements<\/span><\/a><\/p>\n","protected":false},"author":1,"featured_media":0,"parent":0,"menu_order":0,"comment_status":"closed","ping_status":"closed","template":"","meta":[],"_links":{"self":[{"href":"http:\/\/paroisse-bangkok.com\/index.php\/wp-json\/wp\/v2\/pages\/1025"}],"collection":[{"href":"http:\/\/paroisse-bangkok.com\/index.php\/wp-json\/wp\/v2\/pages"}],"about":[{"href":"http:\/\/paroisse-bangkok.com\/index.php\/wp-json\/wp\/v2\/types\/page"}],"author":[{"embeddable":true,"href":"http:\/\/paroisse-bangkok.com\/index.php\/wp-json\/wp\/v2\/users\/1"}],"replies":[{"embeddable":true,"href":"http:\/\/paroisse-bangkok.com\/index.php\/wp-json\/wp\/v2\/comments?post=1025"}],"version-history":[{"count":12,"href":"http:\/\/paroisse-bangkok.com\/index.php\/wp-json\/wp\/v2\/pages\/1025\/revisions"}],"predecessor-version":[{"id":4218,"href":"http:\/\/paroisse-bangkok.com\/index.php\/wp-json\/wp\/v2\/pages\/1025\/revisions\/4218"}],"wp:attachment":[{"href":"http:\/\/paroisse-bangkok.com\/index.php\/wp-json\/wp\/v2\/media?parent=1025"}],"curies":[{"name":"wp","href":"https:\/\/api.w.org\/{rel}","templated":true}]}}