{"id":1028,"date":"2020-03-16T05:46:31","date_gmt":"2020-03-16T04:46:31","guid":{"rendered":"http:\/\/paroisse-bangkok.com\/?page_id=1028"},"modified":"2025-02-03T17:17:05","modified_gmt":"2025-02-03T16:17:05","slug":"bapteme","status":"publish","type":"page","link":"http:\/\/paroisse-bangkok.com\/index.php\/les-sacrements-et-plus\/bapteme\/","title":{"rendered":"Bapt\u00eame"},"content":{"rendered":"<p><span style=\"color: #000000;\">Le Christ a propos\u00e9 le bapt\u00eame\u00a0\u00e0 tous pour que tous aient la Vie en Dieu. Il l\u2019a confi\u00e9 \u00e0 son Eglise, en m\u00eame temps que l\u2019<span style=\"color: #3366ff;\"><a class=\"glossary-term\" style=\"color: #3366ff;\" title=\"Nouvelle du salut annonc\u00e9e aux hommes par J\u00e9sus.\" href=\"https:\/\/eglise.catholique.fr\/glossaire\/evangile\">Evangile<\/a><\/span>, lorsqu\u2019il a dit \u00e0 ses ap\u00f4tres :<\/span><\/p>\n<p><span style=\"color: #000000;\">\u00ab\u00a0<b><i>Allez de toutes les nations faites des disciples, baptisez-les au nom du P\u00e8re<\/i><\/b><i><b>, et du Fils, et du Saint-Esprit\u00a0\u00bb<\/b>\u00a0(Mt 28, 19-20).<\/i><\/span><\/p>\n<p><span style=\"color: #000000;\">Le mot \u00ab<span style=\"color: #0000ff;\">\u00a0<a class=\"glossary-term\" style=\"color: #0000ff;\" title=\"Fait entrer le nouveau baptis\u00e9 dans la communaut\u00e9 de l'\u00c9glise.\" href=\"https:\/\/eglise.catholique.fr\/glossaire\/bapteme\"><span style=\"color: #3366ff;\">bapt\u00eame<\/span><\/a>\u00a0<\/span>\u00bb vient d\u2019un verbe grec qui signifie \u00ab\u00a0plonger, immerger\u00a0\u00bb. \u00catre baptis\u00e9, c\u2019est <span style=\"color: #0000ff;\"><span style=\"color: #000000;\">\u00eatre plong\u00e9 dans la mort et la <\/span><a class=\"glossary-term\" style=\"color: #0000ff;\" title=\"Centre de la foi et de l'esp\u00e9rance chr\u00e9tienne.\" href=\"https:\/\/eglise.catholique.fr\/glossaire\/resurrection\"><span style=\"color: #3366ff;\">r\u00e9surrection<\/span><\/a><span style=\"color: #000000;\"> du Christ<\/span><\/span>, c\u2019est un <span style=\"color: #3366ff;\"><a class=\"glossary-term\" style=\"color: #3366ff;\" title=\"Ensemble des r\u00e8gles fixant le d\u00e9roulement d'un c\u00e9r\u00e9monial.\" href=\"https:\/\/eglise.catholique.fr\/glossaire\/rite\">rite<\/a><\/span> de passage. Configur\u00e9s au Christ, nous devenons fils d\u2019un m\u00eame P\u00e8re et fr\u00e8res de J\u00e9sus-Christ, par l\u2019<span style=\"color: #0000ff;\"><a class=\"glossary-term\" style=\"color: #0000ff;\" title=\"Troisi\u00e8me personne de la Trinit\u00e9.\" href=\"https:\/\/eglise.catholique.fr\/glossaire\/esprit-saint\"><span style=\"color: #3366ff;\">Esprit Saint<\/span><\/a><\/span>. Le\u00a0bapt\u00eame est le <span style=\"color: #3366ff;\"><a class=\"glossary-term\" style=\"color: #3366ff;\" title=\"Signe visible de la pr\u00e9sence et de l'action de Dieu.\" href=\"https:\/\/eglise.catholique.fr\/glossaire\/sacrement\">sacrement<\/a><\/span> de la naissance \u00e0 la vie chr\u00e9tienne : marqu\u00e9 du signe de la croix, plong\u00e9 dans l\u2019eau, le nouveau baptis\u00e9 rena\u00eet \u00e0 une vie nouvelle. Devenu chr\u00e9tien, le nouveau baptis\u00e9 peut vivre selon l\u2019Esprit de Dieu.<\/span><\/p>\n<p><span style=\"color: #000000;\">La c\u00e9l\u00e9bration du bapt\u00eame\u00a0a son point culminant dans le bain d\u2019eau accompagn\u00e9 de cette parole :<\/span><\/p>\n<p style=\"text-align: center;\"><span style=\"color: #000000;\"><strong>\u00ab\u00a0Je te baptise au nom du P\u00e8re, et du Fils, et du Saint-Esprit.\u00a0\u00bb<\/strong><\/span><\/p>\n<p><img loading=\"lazy\" class=\" wp-image-2794 aligncenter\" src=\"http:\/\/paroisse-bangkok.com\/wp-content\/uploads\/2021\/03\/Bapt\u00eame-Pochet-2018-003-300x200.jpg\" alt=\"\" width=\"487\" height=\"324\" srcset=\"http:\/\/paroisse-bangkok.com\/wp-content\/uploads\/2021\/03\/Bapt\u00eame-Pochet-2018-003-300x200.jpg 300w, http:\/\/paroisse-bangkok.com\/wp-content\/uploads\/2021\/03\/Bapt\u00eame-Pochet-2018-003-1024x683.jpg 1024w, http:\/\/paroisse-bangkok.com\/wp-content\/uploads\/2021\/03\/Bapt\u00eame-Pochet-2018-003-768x512.jpg 768w, http:\/\/paroisse-bangkok.com\/wp-content\/uploads\/2021\/03\/Bapt\u00eame-Pochet-2018-003-1536x1024.jpg 1536w, http:\/\/paroisse-bangkok.com\/wp-content\/uploads\/2021\/03\/Bapt\u00eame-Pochet-2018-003-2048x1365.jpg 2048w\" sizes=\"(max-width: 487px) 100vw, 487px\" \/><\/p>\n<hr \/>\n<p><span style=\"color: #000000;\">Comment s&rsquo;y pr\u00e9parer ?<\/span><\/p>\n<p><span style=\"color: #000000;\">Au moins deux rencontres vont sont propos\u00e9es :<\/span><\/p>\n<p><span style=\"color: #000000;\"><strong>Une premi\u00e8re rencontre (1)\u00a0<\/strong>sur le don de la foi et le d\u00e9sir de recevoir le sacrement du bapt\u00eame.<\/span><\/p>\n<p><span style=\"color: #000000;\"><strong>Une seconde rencontre (2) <\/strong>sur la cat\u00e9ch\u00e8se baptismale et la signification des symboles d\u00e9ploy\u00e9s lors de la c\u00e9l\u00e9bration (eau, saint chr\u00eame, v\u00eatement blanc, cierge pascal).<\/span><\/p>\n<p><span style=\"color: #000000;\"><strong>Lieu et horaire :<\/strong> \u00e0 coordonner et convenir entre familles et animateurs.<\/span><\/p>\n<p><span style=\"color: #000000;\">L\u2019enseignement de l\u2019Eglise et l\u2019\u00e9coute mutuelle des familles r\u00e9unies ces soirs-l\u00e0 promettent une grande richesse spirituelle. Nous vous encourageons \u00e0 accompagner de la sorte le bapt\u00eame de votre enfant !<\/span><\/p>\n<p><span style=\"color: #000000;\">Contact : p\u00e8re Brice avec l&rsquo;adresse paroissecatholique.bangkok@gmail.com<\/span><\/p>\n<p><span style=\"color: #000000;\"><strong>Une troisi\u00e8me rencontre (3) <\/strong>sera n\u00e9cessaire pour pr\u00e9parer la c\u00e9l\u00e9bration \u00e0 proprement parler (choix des lectures et des chants, composition des intentions de pri\u00e8re\u2026 ). Souvent, cette ultime \u00e9tape pourra se faire en France avec le pr\u00eatre ou le diacre qui c\u00e9l\u00e9brera le bapt\u00eame de votre enfant pendant les vacances d\u2019\u00e9t\u00e9. Dans le cas d\u2019un bapt\u00eame \u00e0 Bangkok, les d\u00e9tails de la c\u00e9l\u00e9bration pourront \u00eatre vus avec le p\u00e8re Nicolas.<\/span><\/p>\n\n\n<p><\/p>\n","protected":false},"excerpt":{"rendered":"<p>Le Christ a propos\u00e9 le bapt\u00eame\u00a0\u00e0 tous pour que tous aient la Vie en Dieu. Il l\u2019a confi\u00e9 \u00e0 son Eglise, en m\u00eame temps que l\u2019Evangile, lorsqu\u2019il a dit \u00e0 ses ap\u00f4tres : \u00ab\u00a0Allez de toutes les nations faites des disciples, baptisez-les au nom du P\u00e8re, et du Fils, et du Saint-Esprit\u00a0\u00bb\u00a0(Mt 28, 19-20). Le &hellip; <a href=\"http:\/\/paroisse-bangkok.com\/index.php\/les-sacrements-et-plus\/bapteme\/\" class=\"more-link\">Continuer la lecture de <span class=\"screen-reader-text\">Bapt\u00eame<\/span><\/a><\/p>\n","protected":false},"author":1,"featured_media":0,"parent":1025,"menu_order":0,"comment_status":"closed","ping_status":"closed","template":"","meta":[],"_links":{"self":[{"href":"http:\/\/paroisse-bangkok.com\/index.php\/wp-json\/wp\/v2\/pages\/1028"}],"collection":[{"href":"http:\/\/paroisse-bangkok.com\/index.php\/wp-json\/wp\/v2\/pages"}],"about":[{"href":"http:\/\/paroisse-bangkok.com\/index.php\/wp-json\/wp\/v2\/types\/page"}],"author":[{"embeddable":true,"href":"http:\/\/paroisse-bangkok.com\/index.php\/wp-json\/wp\/v2\/users\/1"}],"replies":[{"embeddable":true,"href":"http:\/\/paroisse-bangkok.com\/index.php\/wp-json\/wp\/v2\/comments?post=1028"}],"version-history":[{"count":48,"href":"http:\/\/paroisse-bangkok.com\/index.php\/wp-json\/wp\/v2\/pages\/1028\/revisions"}],"predecessor-version":[{"id":4073,"href":"http:\/\/paroisse-bangkok.com\/index.php\/wp-json\/wp\/v2\/pages\/1028\/revisions\/4073"}],"up":[{"embeddable":true,"href":"http:\/\/paroisse-bangkok.com\/index.php\/wp-json\/wp\/v2\/pages\/1025"}],"wp:attachment":[{"href":"http:\/\/paroisse-bangkok.com\/index.php\/wp-json\/wp\/v2\/media?parent=1028"}],"curies":[{"name":"wp","href":"https:\/\/api.w.org\/{rel}","templated":true}]}}