{"id":1039,"date":"2020-03-17T05:51:46","date_gmt":"2020-03-17T04:51:46","guid":{"rendered":"http:\/\/paroisse-bangkok.com\/?page_id=1039"},"modified":"2021-09-05T09:41:32","modified_gmt":"2021-09-05T07:41:32","slug":"premiere-communion","status":"publish","type":"page","link":"http:\/\/paroisse-bangkok.com\/index.php\/les-sacrements-et-plus\/premiere-communion\/","title":{"rendered":"Premi\u00e8re communion"},"content":{"rendered":"<p><img loading=\"lazy\" class=\" wp-image-2761 aligncenter\" src=\"http:\/\/paroisse-bangkok.com\/wp-content\/uploads\/2021\/03\/Premi\u00e8re-communion-7-mai-2017-002-300x200.jpg\" alt=\"\" width=\"452\" height=\"301\" srcset=\"http:\/\/paroisse-bangkok.com\/wp-content\/uploads\/2021\/03\/Premi\u00e8re-communion-7-mai-2017-002-300x200.jpg 300w, http:\/\/paroisse-bangkok.com\/wp-content\/uploads\/2021\/03\/Premi\u00e8re-communion-7-mai-2017-002-1024x684.jpg 1024w, http:\/\/paroisse-bangkok.com\/wp-content\/uploads\/2021\/03\/Premi\u00e8re-communion-7-mai-2017-002-768x513.jpg 768w, http:\/\/paroisse-bangkok.com\/wp-content\/uploads\/2021\/03\/Premi\u00e8re-communion-7-mai-2017-002-1536x1025.jpg 1536w, http:\/\/paroisse-bangkok.com\/wp-content\/uploads\/2021\/03\/Premi\u00e8re-communion-7-mai-2017-002-2048x1367.jpg 2048w\" sizes=\"(max-width: 452px) 100vw, 452px\" \/><\/p>\n<p>L\u2019Eucharistie, ou la Communion, est un des sept sacrements de l\u2019\u00c9glise catholique. C\u2019est aussi la source et le sommet de toute vie chr\u00e9tienne. Communier est le fait de recevoir le corps du Christ pr\u00e9sent sous l\u2019apparence du pain consacr\u00e9 au cours de l\u2019Eucharistie.<\/p>\n<p>D\u2019un mot grec qui signifie \u00ab\u00a0rendre gr\u00e2ce\u00a0\u00bb, \u00ab\u00a0remercier\u00a0\u00bb, l\u2019Eucharistie d\u00e9signe par extension la messe, o\u00f9 le pr\u00eatre prononce, sur le pain et le vin, les paroles du Christ lors de la C\u00e8ne\u00a0: \u00ab\u00a0Prenez et mangez-en tous, ceci est mon corps\u2026 ceci est mon sang livr\u00e9 pour vous\u00a0\u00bb. Les catholiques professent la pr\u00e9sence r\u00e9elle du Christ, en son corps et son sang, sous les apparences du pain et du vin, consacr\u00e9s par le pr\u00eatre pendant la messe. C\u2019est le myst\u00e8re de la transsubstantiation.<\/p>\n<p><img loading=\"lazy\" class=\" wp-image-2763 aligncenter\" src=\"http:\/\/paroisse-bangkok.com\/wp-content\/uploads\/2021\/03\/Premi\u00e8re-communion-7-mai-2017-009-300x200.jpg\" alt=\"\" width=\"446\" height=\"298\" srcset=\"http:\/\/paroisse-bangkok.com\/wp-content\/uploads\/2021\/03\/Premi\u00e8re-communion-7-mai-2017-009-300x200.jpg 300w, http:\/\/paroisse-bangkok.com\/wp-content\/uploads\/2021\/03\/Premi\u00e8re-communion-7-mai-2017-009-1024x684.jpg 1024w, http:\/\/paroisse-bangkok.com\/wp-content\/uploads\/2021\/03\/Premi\u00e8re-communion-7-mai-2017-009-768x513.jpg 768w, http:\/\/paroisse-bangkok.com\/wp-content\/uploads\/2021\/03\/Premi\u00e8re-communion-7-mai-2017-009-1536x1025.jpg 1536w, http:\/\/paroisse-bangkok.com\/wp-content\/uploads\/2021\/03\/Premi\u00e8re-communion-7-mai-2017-009-2048x1367.jpg 2048w\" sizes=\"(max-width: 446px) 100vw, 446px\" \/><\/p>\n<p>La premi\u00e8re communion c\u2019est, comme son nom l\u2019indique, recevoir pour la premi\u00e8re fois le corps du Christ sous forme d\u2019hostie consacr\u00e9e par le pr\u00eatre. La communion cr\u00e9e une relation personnelle au Christ. Pour communier, deux conditions sont n\u00e9cessaires\u00a0: \u00eatre baptis\u00e9 et vouloir vivre en amiti\u00e9 avec le Christ, selon son \u00c9vangile et dans toute sa vie.<\/p>\n<p><span style=\"color: #3366ff;\"><strong>Comment se pr\u00e9parer ?<\/strong><\/span><\/p>\n<p>Pour les enfants : 2 ans de cat\u00e9chisme en amont.<\/p>\n<p>Pour les adultes : une pr\u00e9paration de 2 ans est \u00e0 envisager pour discerner sa demande et approfondir sa foi. Vous pouvez prendre contact avec la paroisse pour plus de d\u00e9tails sur le parcours \u00e0 suivre : <span style=\"color: #000000;\"><span style=\"text-decoration: underline;\">cateparoissebkk@gmail.com<\/span><\/span><\/p>\n","protected":false},"excerpt":{"rendered":"<p>L\u2019Eucharistie, ou la Communion, est un des sept sacrements de l\u2019\u00c9glise catholique. C\u2019est aussi la source et le sommet de toute vie chr\u00e9tienne. Communier est le fait de recevoir le corps du Christ pr\u00e9sent sous l\u2019apparence du pain consacr\u00e9 au cours de l\u2019Eucharistie. D\u2019un mot grec qui signifie \u00ab\u00a0rendre gr\u00e2ce\u00a0\u00bb, \u00ab\u00a0remercier\u00a0\u00bb, l\u2019Eucharistie d\u00e9signe par extension &hellip; <a href=\"http:\/\/paroisse-bangkok.com\/index.php\/les-sacrements-et-plus\/premiere-communion\/\" class=\"more-link\">Continuer la lecture de <span class=\"screen-reader-text\">Premi\u00e8re communion<\/span><\/a><\/p>\n","protected":false},"author":1,"featured_media":0,"parent":1025,"menu_order":0,"comment_status":"closed","ping_status":"closed","template":"","meta":[],"_links":{"self":[{"href":"http:\/\/paroisse-bangkok.com\/index.php\/wp-json\/wp\/v2\/pages\/1039"}],"collection":[{"href":"http:\/\/paroisse-bangkok.com\/index.php\/wp-json\/wp\/v2\/pages"}],"about":[{"href":"http:\/\/paroisse-bangkok.com\/index.php\/wp-json\/wp\/v2\/types\/page"}],"author":[{"embeddable":true,"href":"http:\/\/paroisse-bangkok.com\/index.php\/wp-json\/wp\/v2\/users\/1"}],"replies":[{"embeddable":true,"href":"http:\/\/paroisse-bangkok.com\/index.php\/wp-json\/wp\/v2\/comments?post=1039"}],"version-history":[{"count":15,"href":"http:\/\/paroisse-bangkok.com\/index.php\/wp-json\/wp\/v2\/pages\/1039\/revisions"}],"predecessor-version":[{"id":3051,"href":"http:\/\/paroisse-bangkok.com\/index.php\/wp-json\/wp\/v2\/pages\/1039\/revisions\/3051"}],"up":[{"embeddable":true,"href":"http:\/\/paroisse-bangkok.com\/index.php\/wp-json\/wp\/v2\/pages\/1025"}],"wp:attachment":[{"href":"http:\/\/paroisse-bangkok.com\/index.php\/wp-json\/wp\/v2\/media?parent=1039"}],"curies":[{"name":"wp","href":"https:\/\/api.w.org\/{rel}","templated":true}]}}