{"id":1044,"date":"2020-03-18T04:49:21","date_gmt":"2020-03-18T03:49:21","guid":{"rendered":"http:\/\/paroisse-bangkok.com\/?page_id=1044"},"modified":"2021-09-05T09:41:27","modified_gmt":"2021-09-05T07:41:27","slug":"confirmation","status":"publish","type":"page","link":"http:\/\/paroisse-bangkok.com\/index.php\/les-sacrements-et-plus\/confirmation\/","title":{"rendered":"Confirmation"},"content":{"rendered":"<p><img loading=\"lazy\" class=\" wp-image-2754 aligncenter\" src=\"http:\/\/paroisse-bangkok.com\/wp-content\/uploads\/2021\/03\/Confirmation-2019-025-300x200.jpg\" alt=\"\" width=\"458\" height=\"305\" srcset=\"http:\/\/paroisse-bangkok.com\/wp-content\/uploads\/2021\/03\/Confirmation-2019-025-300x200.jpg 300w, http:\/\/paroisse-bangkok.com\/wp-content\/uploads\/2021\/03\/Confirmation-2019-025-1024x683.jpg 1024w, http:\/\/paroisse-bangkok.com\/wp-content\/uploads\/2021\/03\/Confirmation-2019-025-768x512.jpg 768w, http:\/\/paroisse-bangkok.com\/wp-content\/uploads\/2021\/03\/Confirmation-2019-025-1536x1024.jpg 1536w, http:\/\/paroisse-bangkok.com\/wp-content\/uploads\/2021\/03\/Confirmation-2019-025-2048x1365.jpg 2048w\" sizes=\"(max-width: 458px) 100vw, 458px\" \/><\/p>\n<p class=\"p1\"><span class=\"s1\" style=\"color: #000000;\">Comme le <span style=\"color: #0000ff;\"><a class=\"glossary-term\" style=\"color: #0000ff; text-decoration: underline;\" title=\"Fait entrer le nouveau baptis\u00e9 dans la communaut\u00e9 de l'\u00c9glise.\" href=\"https:\/\/eglise.catholique.fr\/glossaire\/bapteme\">bapt\u00eame<\/a><\/span>, la <span style=\"color: #0000ff;\"><a class=\"glossary-term\" style=\"color: #0000ff; text-decoration: underline;\" title=\"Sacrement signifiant le don de l'Esprit Saint.\" href=\"https:\/\/eglise.catholique.fr\/glossaire\/confirmation\">confirmation<\/a><\/span> imprime dans le chr\u00e9tien une marque ind\u00e9l\u00e9bile (c\u2019est ce que l\u2019on appelle le \u00ab\u00a0caract\u00e8re\u00a0\u00bb). Ce <span style=\"color: #0000ff;\"><a class=\"glossary-term\" style=\"color: #0000ff; text-decoration: underline;\" title=\"Signe visible de la pr\u00e9sence et de l'action de Dieu.\" href=\"https:\/\/eglise.catholique.fr\/glossaire\/sacrement\">sacrement<\/a><\/span> ne peut donc \u00eatre re\u00e7u qu\u2019une seule fois.\u00a0 C\u2019est l\u2019\u00e9v\u00eaque qui, de mani\u00e8re ordinaire, c\u00e9l\u00e8bre ce sacrement : il manifeste ainsi le lien avec le don de l\u2019Esprit aux ap\u00f4tres au jour de la <span style=\"color: #0000ff;\"><a class=\"glossary-term\" style=\"color: #0000ff; text-decoration: underline;\" title=\"F\u00eate du don du Saint Esprit aux Ap\u00f4tres qui fait d'eux des t\u00e9moins du Christ ressuscit\u00e9.\" href=\"https:\/\/eglise.catholique.fr\/glossaire\/pentecote\">Pentec\u00f4te<\/a><\/span> et la place des confirm\u00e9s dans la communion de toute l\u2019\u00c9glise. C\u2019est lui qui r\u00e9alise l\u2019imposition des mains.<\/span><\/p>\n<p class=\"p3\"><span style=\"color: #ff6600;\"><span class=\"s1\">\u00ab\u00a0<i>Celui qui nous rend solides pour le Christ dans nos relations avec vous, celui qui nous a consacr\u00e9s, c\u2019est Dieu ; il nous a marqu\u00e9s de son sceau, et il a mis dans nos c\u0153urs l\u2019Esprit, premi\u00e8re avance sur ses dons.<\/i> \u00bb (2 Co 1, 21-22)<\/span><\/span><\/p>\n<p class=\"p1\"><span class=\"s1\" style=\"color: #000000;\">C\u2019est avec une huile parfum\u00e9e, le Saint Chr\u00eame, que l\u2019\u00e9v\u00eaque marque le front de chaque confirmand. Le confirm\u00e9 porte alors joyeusement la responsabilit\u00e9 de faire conna\u00eetre aux hommes et au monde l\u2019amour dont ils sont aim\u00e9s.<\/span><\/p>\n<p><img loading=\"lazy\" class=\" wp-image-2757 aligncenter\" src=\"http:\/\/paroisse-bangkok.com\/wp-content\/uploads\/2021\/03\/Confirmation-2019-015-300x200.jpg\" alt=\"\" width=\"443\" height=\"296\" srcset=\"http:\/\/paroisse-bangkok.com\/wp-content\/uploads\/2021\/03\/Confirmation-2019-015-300x200.jpg 300w, http:\/\/paroisse-bangkok.com\/wp-content\/uploads\/2021\/03\/Confirmation-2019-015-1024x683.jpg 1024w, http:\/\/paroisse-bangkok.com\/wp-content\/uploads\/2021\/03\/Confirmation-2019-015-768x512.jpg 768w, http:\/\/paroisse-bangkok.com\/wp-content\/uploads\/2021\/03\/Confirmation-2019-015-1536x1024.jpg 1536w, http:\/\/paroisse-bangkok.com\/wp-content\/uploads\/2021\/03\/Confirmation-2019-015-2048x1365.jpg 2048w\" sizes=\"(max-width: 443px) 100vw, 443px\" \/><\/p>\n<p class=\"p3\" style=\"text-align: center;\"><span style=\"color: #ff6600;\"><span class=\"s1\">\u00ab\u00a0<i>Sois marqu\u00e9 de l\u2019Esprit Saint,\u00a0le don de Dieu<\/i>\u00a0\u00bb<\/span><\/span><\/p>\n<p><strong><span style=\"color: #3366ff;\">Comment se pr\u00e9parer ?<\/span><\/strong><\/p>\n<p>La pr\u00e9paration \u00e0 la confirmation doit viser \u00e0 conduire le chr\u00e9tien vers une union plus intime au Christ, vers une familiarit\u00e9 plus vive avec l\u2019Esprit Saint, son action, ses dons et ses appels, afin de pouvoir mieux assumer les responsabilit\u00e9s de la vie chr\u00e9tienne.<\/p>\n<p><span style=\"color: #000000;\">Pour les jeunes : Suivre une ann\u00e9e d&rsquo;aum\u00f4nerie. La confirmation est propos\u00e9e aux 3\u00e8mes. Contact : <span style=\"text-decoration: underline;\">cateparoissebkk@gmail.com<\/span><\/span><\/p>\n<p><span style=\"color: #000000;\">Pour les adultes : Suivre un parcours de cat\u00e9chum\u00e9nat en contactant directement\u00a0<span style=\"text-decoration: underline;\">paroissecatholique.bangkok@gmail.com<\/span><\/span><\/p>\n","protected":false},"excerpt":{"rendered":"<p>Comme le bapt\u00eame, la confirmation imprime dans le chr\u00e9tien une marque ind\u00e9l\u00e9bile (c\u2019est ce que l\u2019on appelle le \u00ab\u00a0caract\u00e8re\u00a0\u00bb). Ce sacrement ne peut donc \u00eatre re\u00e7u qu\u2019une seule fois.\u00a0 C\u2019est l\u2019\u00e9v\u00eaque qui, de mani\u00e8re ordinaire, c\u00e9l\u00e8bre ce sacrement : il manifeste ainsi le lien avec le don de l\u2019Esprit aux ap\u00f4tres au jour de la &hellip; <a href=\"http:\/\/paroisse-bangkok.com\/index.php\/les-sacrements-et-plus\/confirmation\/\" class=\"more-link\">Continuer la lecture de <span class=\"screen-reader-text\">Confirmation<\/span><\/a><\/p>\n","protected":false},"author":1,"featured_media":0,"parent":1025,"menu_order":0,"comment_status":"closed","ping_status":"closed","template":"","meta":[],"_links":{"self":[{"href":"http:\/\/paroisse-bangkok.com\/index.php\/wp-json\/wp\/v2\/pages\/1044"}],"collection":[{"href":"http:\/\/paroisse-bangkok.com\/index.php\/wp-json\/wp\/v2\/pages"}],"about":[{"href":"http:\/\/paroisse-bangkok.com\/index.php\/wp-json\/wp\/v2\/types\/page"}],"author":[{"embeddable":true,"href":"http:\/\/paroisse-bangkok.com\/index.php\/wp-json\/wp\/v2\/users\/1"}],"replies":[{"embeddable":true,"href":"http:\/\/paroisse-bangkok.com\/index.php\/wp-json\/wp\/v2\/comments?post=1044"}],"version-history":[{"count":18,"href":"http:\/\/paroisse-bangkok.com\/index.php\/wp-json\/wp\/v2\/pages\/1044\/revisions"}],"predecessor-version":[{"id":3050,"href":"http:\/\/paroisse-bangkok.com\/index.php\/wp-json\/wp\/v2\/pages\/1044\/revisions\/3050"}],"up":[{"embeddable":true,"href":"http:\/\/paroisse-bangkok.com\/index.php\/wp-json\/wp\/v2\/pages\/1025"}],"wp:attachment":[{"href":"http:\/\/paroisse-bangkok.com\/index.php\/wp-json\/wp\/v2\/media?parent=1044"}],"curies":[{"name":"wp","href":"https:\/\/api.w.org\/{rel}","templated":true}]}}