{"id":1048,"date":"2020-10-06T16:38:40","date_gmt":"2020-10-06T14:38:40","guid":{"rendered":"http:\/\/paroisse-bangkok.com\/?page_id=1048"},"modified":"2021-09-05T09:41:37","modified_gmt":"2021-09-05T07:41:37","slug":"la-reconciliation","status":"publish","type":"page","link":"http:\/\/paroisse-bangkok.com\/index.php\/les-sacrements-et-plus\/la-reconciliation\/","title":{"rendered":"R\u00e9conciliation"},"content":{"rendered":"<p><span style=\"color: #3366ff;\"><strong>Qu&rsquo;est ce que c&rsquo;est ?<\/strong><\/span><\/p>\n<p><span style=\"color: #000000;\">Ce <a class=\"glossary-term\" style=\"color: #000000;\" title=\"Signe visible de la pr\u00e9sence et de l'action de Dieu.\" href=\"https:\/\/eglise.catholique.fr\/glossaire\/sacrement\">sacrement<\/a> est le signe de <strong>l&rsquo;amour infini de Dieu<\/strong>. Le pardon de Dieu est toujours possible, si nous faisons une d\u00e9marche <strong>vraiment sinc\u00e8re<\/strong>. En se reconnaissant p\u00e9cheur, nous croyons que l\u00b4Amour infini de Dieu est toujours le plus fort. Le dialogue avec un <a class=\"glossary-term\" style=\"color: #000000;\" title=\"Chr\u00e9tien qui a re\u00e7u le sacrement de l'Ordre pour \u00eatre signe du Christ pasteur.\" href=\"https:\/\/eglise.catholique.fr\/glossaire\/pretre\">pr\u00eatre<\/a> est le signe efficace de la <a class=\"glossary-term\" style=\"color: #000000;\" title=\"Harmonie retrouv\u00e9e. Acte par lequel Dieu pardonne au p\u00e9cheur repentant.\" href=\"https:\/\/eglise.catholique.fr\/glossaire\/reconciliation\">r\u00e9conciliation<\/a> avec Dieu et avec nos fr\u00e8res.<\/span><\/p>\n<p><span style=\"color: #000000;\">Le pardon de Dieu est exprim\u00e9 dans l&rsquo;absolution donn\u00e9e par le&nbsp;<a class=\"glossary-term\" style=\"color: #000000;\" title=\"Chr\u00e9tien qui a re\u00e7u le sacrement de l'Ordre pour \u00eatre signe du Christ pasteur.\" href=\"https:\/\/eglise.catholique.fr\/glossaire\/pretre\">pr\u00eatre <\/a>:<\/span><\/p>\n<p><em><span style=\"color: #000000;\"><span style=\"color: #800080;\">\u00ab Que Dieu notre P\u00e8re vous montre sa <a class=\"glossary-term\" style=\"color: #800080;\" title=\"Attitude qui incite \u00e0 l'indulgence et au pardon.\" href=\"https:\/\/eglise.catholique.fr\/glossaire\/misericorde\">mis\u00e9ricorde<\/a> ; par la mort et la <a class=\"glossary-term\" style=\"color: #800080;\" title=\"Centre de la foi et de l'esp\u00e9rance chr\u00e9tienne.\" href=\"https:\/\/eglise.catholique.fr\/glossaire\/resurrection\">r\u00e9surrection<\/a> de son Fils il a r\u00e9concili\u00e9 le monde avec lui et il a envoy\u00e9 l\u2019Esprit-Saint pour la r\u00e9mission des p\u00e9ch\u00e9s : par le minist\u00e8re de l\u2019Eglise qu\u2019il vous donne le pardon et la paix. \u00bb<\/span><\/span><\/em><\/p>\n\n\n<figure class=\"wp-block-image size-large\"><img loading=\"lazy\" width=\"768\" height=\"512\" src=\"http:\/\/paroisse-bangkok.com\/wp-content\/uploads\/2021\/03\/reconcilation06.jpg\" alt=\"\" class=\"wp-image-2780\" srcset=\"http:\/\/paroisse-bangkok.com\/wp-content\/uploads\/2021\/03\/reconcilation06.jpg 768w, http:\/\/paroisse-bangkok.com\/wp-content\/uploads\/2021\/03\/reconcilation06-300x200.jpg 300w\" sizes=\"(max-width: 768px) 100vw, 768px\" \/><\/figure>\n\n\n\n<p>Contact\u00a0: p\u00e8re Nicolas\u00a0nicolas.lefebure@missionsetrangeres.com<\/p>\n","protected":false},"excerpt":{"rendered":"<p>Qu&rsquo;est ce que c&rsquo;est ? Ce sacrement est le signe de l&rsquo;amour infini de Dieu. Le pardon de Dieu est toujours possible, si nous faisons une d\u00e9marche vraiment sinc\u00e8re. En se reconnaissant p\u00e9cheur, nous croyons que l\u00b4Amour infini de Dieu est toujours le plus fort. Le dialogue avec un pr\u00eatre est le signe efficace de &hellip; <a href=\"http:\/\/paroisse-bangkok.com\/index.php\/les-sacrements-et-plus\/la-reconciliation\/\" class=\"more-link\">Continuer la lecture de <span class=\"screen-reader-text\">R\u00e9conciliation<\/span><\/a><\/p>\n","protected":false},"author":1,"featured_media":0,"parent":1025,"menu_order":0,"comment_status":"closed","ping_status":"closed","template":"","meta":[],"_links":{"self":[{"href":"http:\/\/paroisse-bangkok.com\/index.php\/wp-json\/wp\/v2\/pages\/1048"}],"collection":[{"href":"http:\/\/paroisse-bangkok.com\/index.php\/wp-json\/wp\/v2\/pages"}],"about":[{"href":"http:\/\/paroisse-bangkok.com\/index.php\/wp-json\/wp\/v2\/types\/page"}],"author":[{"embeddable":true,"href":"http:\/\/paroisse-bangkok.com\/index.php\/wp-json\/wp\/v2\/users\/1"}],"replies":[{"embeddable":true,"href":"http:\/\/paroisse-bangkok.com\/index.php\/wp-json\/wp\/v2\/comments?post=1048"}],"version-history":[{"count":14,"href":"http:\/\/paroisse-bangkok.com\/index.php\/wp-json\/wp\/v2\/pages\/1048\/revisions"}],"predecessor-version":[{"id":3052,"href":"http:\/\/paroisse-bangkok.com\/index.php\/wp-json\/wp\/v2\/pages\/1048\/revisions\/3052"}],"up":[{"embeddable":true,"href":"http:\/\/paroisse-bangkok.com\/index.php\/wp-json\/wp\/v2\/pages\/1025"}],"wp:attachment":[{"href":"http:\/\/paroisse-bangkok.com\/index.php\/wp-json\/wp\/v2\/media?parent=1048"}],"curies":[{"name":"wp","href":"https:\/\/api.w.org\/{rel}","templated":true}]}}