{"id":120,"date":"2018-02-22T20:15:13","date_gmt":"2018-02-22T19:15:13","guid":{"rendered":"http:\/\/paroisse-bangkok.com\/?page_id=120"},"modified":"2022-05-30T09:31:49","modified_gmt":"2022-05-30T07:31:49","slug":"pole-jeunes","status":"publish","type":"page","link":"http:\/\/paroisse-bangkok.com\/index.php\/pole-jeunes\/","title":{"rendered":"P\u00f4le Jeunes"},"content":{"rendered":"<h3><\/h3>\n<p><strong><a href=\"http:\/\/paroisse-bangkok.com\/index.php\/pole-jeunes\/catechisme\/\"><img loading=\"lazy\" class=\"alignright wp-image-331 size-full\" src=\"http:\/\/paroisse-bangkok.com\/wp-content\/uploads\/2018\/04\/inscriptions-au-catechisme-292010191341-19556.jpg\" alt=\"\" width=\"200\" height=\"150\" \/><\/a><\/strong><strong style=\"font-size: inherit;\"><a href=\"http:\/\/paroisse-bangkok.com\/index.php\/pole-jeunes\/catechisme\/\">Cat\u00e9chisme \/ \u00c9veil \u00e0 la foi \u00a0(5-11\u00a0ans)<\/a><\/strong><\/p>\n<p>Cat\u00e9ch\u00e8se \/ \u00c9veil \u00e0 la foi (5- 11 ans) Pour tous les enfants du CE1 \u00e0 la 6\u00e8me, qu&rsquo;ils soient baptis\u00e9s ou non. <span style=\"color: #999999;\">\u00a0<span style=\"color: #3366ff;\"><a style=\"color: #3366ff;\" href=\"http:\/\/paroisse-bangkok.com\/index.php\/pole-jeunes\/catechisme\/\">Lire la suite &#8230;<\/a><\/span><\/span><\/p>\n<p><strong><a href=\"http:\/\/paroisse-bangkok.com\/index.php\/pole-jeunes\/aumonerie-de-college-et-lycee-12-18-ans\/\">Aum\u00f4nerie (12-18 ans)<\/a><img loading=\"lazy\" class=\"alignnone size-medium wp-image-530\" src=\"http:\/\/paroisse-bangkok.com\/wp-content\/uploads\/2018\/05\/189A.tif\" alt=\"\" width=\"1\" height=\"1\" \/><a href=\"http:\/\/paroisse-bangkok.com\/index.php\/pole-jeunes\/aumonerie-de-college-et-lycee-12-18-ans\/\"><img loading=\"lazy\" class=\"alignleft wp-image-417\" src=\"http:\/\/paroisse-bangkok.com\/wp-content\/uploads\/2018\/05\/pentecote--e1526351358627-275x300.png\" alt=\"\" width=\"142\" height=\"155\" srcset=\"http:\/\/paroisse-bangkok.com\/wp-content\/uploads\/2018\/05\/pentecote--e1526351358627-275x300.png 275w, http:\/\/paroisse-bangkok.com\/wp-content\/uploads\/2018\/05\/pentecote--e1526351358627-768x839.png 768w, http:\/\/paroisse-bangkok.com\/wp-content\/uploads\/2018\/05\/pentecote--e1526351358627-938x1024.png 938w, http:\/\/paroisse-bangkok.com\/wp-content\/uploads\/2018\/05\/pentecote--e1526351358627.png 1620w\" sizes=\"(max-width: 142px) 100vw, 142px\" \/><\/a> <img loading=\"lazy\" class=\"alignnone size-medium wp-image-530\" src=\"http:\/\/paroisse-bangkok.com\/wp-content\/uploads\/2018\/05\/189A.tif\" alt=\"\" width=\"1\" height=\"1\" \/><\/strong><\/p>\n<p>Soif d\u2019autre chose ? Une soir\u00e9e par mois pour se retrouver par \u00e9quipe de la 5\u00e8me \u00e0 la terminale, autour de th\u00e8mes vari\u00e9s d\u00e9finis ensemble. <span style=\"color: #3366ff;\"><a style=\"color: #3366ff;\" href=\"http:\/\/paroisse-bangkok.com\/index.php\/pole-jeunes\/aumonerie-de-college-et-lycee-12-18-ans\/\">Lire la suite &#8230;<\/a><\/span><\/p>\n<p><span style=\"color: #800000;\"><a href=\"http:\/\/paroisse-bangkok.com\/index.php\/pole-jeunes\/servants-dautel\/\"><strong>Servants d&rsquo;autel<\/strong>\u00a0<\/a><a href=\"http:\/\/paroisse-bangkok.com\/index.php\/pole-jeunes\/servants-dautel\/\"><img loading=\"lazy\" class=\"wp-image-333 alignleft\" style=\"margin: 8px 0px 8px 16px; outline: #72777c solid 1px; height: 170px; text-align: left; color: #333333; text-transform: none; text-indent: 0px; letter-spacing: normal; font-size: 16px; font-style: normal; font-variant: normal; font-weight: 400; text-decoration: none; word-spacing: 0px; white-space: normal; max-width: 761.71px; orphans: 2; float: right; -webkit-text-stroke-width: 0px; background-color: transparent;\" src=\"http:\/\/paroisse-bangkok.com\/wp-content\/uploads\/2018\/04\/servants-dautel--300x171.jpg\" alt=\"\" width=\"298\" height=\"171\" srcset=\"http:\/\/paroisse-bangkok.com\/wp-content\/uploads\/2018\/04\/servants-dautel--300x171.jpg 300w, http:\/\/paroisse-bangkok.com\/wp-content\/uploads\/2018\/04\/servants-dautel-.jpg 350w\" sizes=\"(max-width: 298px) 100vw, 298px\" \/><\/a><\/span><\/p>\n<p>Les servants d&rsquo;autel sont des jeunes qui acceptent de s&rsquo;engager au service direct de la liturgie.\u00a0<span style=\"color: #3366ff;\"><a style=\"color: #3366ff;\" href=\"http:\/\/paroisse-bangkok.com\/index.php\/pole-jeunes\/servants-dautel\/\">Lire la suite&#8230;<\/a><\/span><\/p>\n<p><a href=\"http:\/\/paroisse-bangkok.com\/index.php\/pole-jeunes\/scoutisme\/\"><img loading=\"lazy\" class=\"alignleft wp-image-375\" src=\"http:\/\/paroisse-bangkok.com\/wp-content\/uploads\/2018\/05\/logo-SGDF--300x154.png\" alt=\"\" width=\"302\" height=\"155\" srcset=\"http:\/\/paroisse-bangkok.com\/wp-content\/uploads\/2018\/05\/logo-SGDF--300x154.png 300w, http:\/\/paroisse-bangkok.com\/wp-content\/uploads\/2018\/05\/logo-SGDF-.png 314w\" sizes=\"(max-width: 302px) 100vw, 302px\" \/><\/a><\/p>\n<p><a href=\"http:\/\/paroisse-bangkok.com\/index.php\/pole-jeunes\/scoutisme\/\"><strong>Scoutisme\u00a0<\/strong><\/a><\/p>\n<p>\u00ab\u00a0Scouts et Guides de France\u00a0\u00bb est un mouvement catholique de jeunesse et d&rsquo;\u00e9ducation populaire, ouvert \u00e0 tous sans distinction de croyance. <span style=\"color: #3366ff;\"><a style=\"color: #3366ff;\" href=\"http:\/\/paroisse-bangkok.com\/index.php\/pole-jeunes\/scoutisme\/\">Lire la suite&#8230;\u00a0<\/a><\/span><\/p>\n","protected":false},"excerpt":{"rendered":"<p>Cat\u00e9chisme \/ \u00c9veil \u00e0 la foi \u00a0(5-11\u00a0ans) Cat\u00e9ch\u00e8se \/ \u00c9veil \u00e0 la foi (5- 11 ans) Pour tous les enfants du CE1 \u00e0 la 6\u00e8me, qu&rsquo;ils soient baptis\u00e9s ou non. \u00a0Lire la suite &#8230; Aum\u00f4nerie (12-18 ans) Soif d\u2019autre chose ? Une soir\u00e9e par mois pour se retrouver par \u00e9quipe de la 5\u00e8me \u00e0 la &hellip; <a href=\"http:\/\/paroisse-bangkok.com\/index.php\/pole-jeunes\/\" class=\"more-link\">Continuer la lecture de <span class=\"screen-reader-text\">P\u00f4le Jeunes<\/span><\/a><\/p>\n","protected":false},"author":1,"featured_media":0,"parent":0,"menu_order":0,"comment_status":"closed","ping_status":"closed","template":"","meta":[],"_links":{"self":[{"href":"http:\/\/paroisse-bangkok.com\/index.php\/wp-json\/wp\/v2\/pages\/120"}],"collection":[{"href":"http:\/\/paroisse-bangkok.com\/index.php\/wp-json\/wp\/v2\/pages"}],"about":[{"href":"http:\/\/paroisse-bangkok.com\/index.php\/wp-json\/wp\/v2\/types\/page"}],"author":[{"embeddable":true,"href":"http:\/\/paroisse-bangkok.com\/index.php\/wp-json\/wp\/v2\/users\/1"}],"replies":[{"embeddable":true,"href":"http:\/\/paroisse-bangkok.com\/index.php\/wp-json\/wp\/v2\/comments?post=120"}],"version-history":[{"count":33,"href":"http:\/\/paroisse-bangkok.com\/index.php\/wp-json\/wp\/v2\/pages\/120\/revisions"}],"predecessor-version":[{"id":3564,"href":"http:\/\/paroisse-bangkok.com\/index.php\/wp-json\/wp\/v2\/pages\/120\/revisions\/3564"}],"wp:attachment":[{"href":"http:\/\/paroisse-bangkok.com\/index.php\/wp-json\/wp\/v2\/media?parent=120"}],"curies":[{"name":"wp","href":"https:\/\/api.w.org\/{rel}","templated":true}]}}