{"id":1788,"date":"2020-05-20T09:53:57","date_gmt":"2020-05-20T07:53:57","guid":{"rendered":"http:\/\/paroisse-bangkok.com\/?page_id=1788"},"modified":"2020-05-30T05:04:34","modified_gmt":"2020-05-30T03:04:34","slug":"homelies","status":"publish","type":"page","link":"http:\/\/paroisse-bangkok.com\/index.php\/homelies\/","title":{"rendered":"Hom\u00e9lies"},"content":{"rendered":"\n<h3><strong>HOMELIE AU SILOM<\/strong><\/h3>\n\n\n\n<figure class=\"wp-block-image\"><img loading=\"lazy\" width=\"275\" height=\"151\" src=\"http:\/\/paroisse-bangkok.com\/wp-content\/uploads\/2020\/04\/Hom\u00e9lie.jpeg\" alt=\"\" class=\"wp-image-1698\"\/><\/figure>\n\n\n\n<h5><strong>Hom\u00e9lie de l&rsquo;Ascension : <a href=\"http:\/\/paroisse-bangkok.com\/wp-content\/uploads\/2020\/05\/Ascension-2020.pdf\">Recevoir l&rsquo;Esprit pour \u00eatre \u00e0 la hauteur<\/a><\/strong><\/h5>\n\n\n\n<h5><strong>Hom\u00e9lie 6\u00e8me dimanche de P\u00e2ques : <a href=\"http:\/\/paroisse-bangkok.com\/wp-content\/uploads\/2020\/05\/A-P\u00e2ques-06D-Jn-1415-21.pdf\">\u00ab\u00a0L&rsquo;Esprit de v\u00e9rit\u00e9\u00a0\u00bb<\/a><\/strong><\/h5>\n\n\n\n<h5 class=\"has-very-dark-gray-color has-text-color\"><strong>Hom\u00e9lie 5\u00e8me dimanche de P\u00e2ques :&nbsp;<a href=\"http:\/\/paroisse-bangkok.com\/wp-content\/uploads\/2020\/05\/5e-dimanche-de-P\u00e2ques-10-mai-2020.pdf\">Restons assidus, comme&nbsp;l&rsquo;Eglise naissante<\/a><\/strong><\/h5>\n\n\n\n<h5 class=\"has-very-dark-gray-color has-text-color\"><strong>Hom\u00e9lie 4\u00e8me dimanche de P\u00e2ques : <a href=\"http:\/\/paroisse-bangkok.com\/wp-content\/uploads\/2020\/05\/Hom\u00e9lie-34e-dimanche-P\u00e2ques.pdf\">\u00ab\u00a0Je suis la porte des brebis\u00a0\u00bb<\/a><\/strong><\/h5>\n\n\n\n<h5 class=\"has-very-dark-gray-color has-text-color\"><strong><a href=\"http:\/\/paroisse-bangkok.com\/wp-content\/uploads\/2020\/04\/3\u00e8me-dimanche-de-P\u00e2ques.pdf\"><span class=\"has-inline-color has-very-dark-gray-color\">Hom\u00e9lie 3\u00e8me dimanche de P\u00e2ques : <\/span>Les disciples d&rsquo;Emma\u00fcs<\/a>&nbsp;<\/strong><\/h5>\n\n\n\n<h5 class=\"has-very-dark-gray-color has-text-color\"><strong>Hom\u00e9lie Dimanche de la Mis\u00e9ricorde :&nbsp;<a href=\"http:\/\/paroisse-bangkok.com\/wp-content\/uploads\/2020\/04\/Hom\u00e9lie-Dimanche-Mis\u00e9ricorde.pdf\">R\u00e9novons notre regard et notre toucher<\/a><\/strong><\/h5>\n\n\n\n<h5 class=\"has-very-dark-gray-color has-text-color\"><strong>Hom\u00e9lie de P\u00e2ques :&nbsp;<a href=\"http:\/\/paroisse-bangkok.com\/wp-content\/uploads\/2020\/04\/Dimanche-de-P\u00e2ques-2020.pdf\">La&nbsp;pr\u00e9figuration de l&rsquo;Eglise<\/a><\/strong><\/h5>\n\n\n\n<h5 class=\"has-very-dark-gray-color has-text-color\"><strong><span class=\"has-inline-color has-very-dark-gray-color\">Hom\u00e9lie du Dimanche de Rameaux :<\/span><span class=\"has-inline-color has-vivid-cyan-blue-color\"> <a href=\"http:\/\/paroisse-bangkok.com\/wp-content\/uploads\/2020\/04\/A-Rameaux-Mt-24-27.pdf\">La Passion (Mt 24-27)<\/a><\/span><\/strong><\/h5>\n\n\n\n<h5 class=\"has-very-dark-gray-color has-text-color\"><strong>Hom\u00e9lie du 5e Dimanche de Car\u00eame :<\/strong> <strong><a href=\"http:\/\/paroisse-bangkok.com\/wp-content\/uploads\/2020\/03\/A-Car\u00eame-05D-Jn-111-45.pdf\">La r\u00e9surrection de Lazare (Jn 11)<\/a><\/strong><\/h5>\n\n\n\n<h5 class=\"has-very-dark-gray-color has-text-color\"><strong>Hom\u00e9lie du 4e Dimanche de Car\u00eame :&nbsp;<a href=\"http:\/\/paroisse-bangkok.com\/wp-content\/uploads\/2020\/03\/Jn-09.Laveugle-n\u00e9.Car\u00eame-4.pdf\">L&rsquo;aveugle-n\u00e9 (Jn 9)<\/a><\/strong><\/h5>\n","protected":false},"excerpt":{"rendered":"<p>HOMELIE AU SILOM Hom\u00e9lie de l&rsquo;Ascension : Recevoir l&rsquo;Esprit pour \u00eatre \u00e0 la hauteur Hom\u00e9lie 6\u00e8me dimanche de P\u00e2ques : \u00ab\u00a0L&rsquo;Esprit de v\u00e9rit\u00e9\u00a0\u00bb Hom\u00e9lie 5\u00e8me dimanche de P\u00e2ques :&nbsp;Restons assidus, comme&nbsp;l&rsquo;Eglise naissante Hom\u00e9lie 4\u00e8me dimanche de P\u00e2ques : \u00ab\u00a0Je suis la porte des brebis\u00a0\u00bb Hom\u00e9lie 3\u00e8me dimanche de P\u00e2ques : Les disciples d&rsquo;Emma\u00fcs&nbsp; Hom\u00e9lie Dimanche &hellip; <a href=\"http:\/\/paroisse-bangkok.com\/index.php\/homelies\/\" class=\"more-link\">Continuer la lecture de <span class=\"screen-reader-text\">Hom\u00e9lies<\/span><\/a><\/p>\n","protected":false},"author":1,"featured_media":0,"parent":0,"menu_order":0,"comment_status":"closed","ping_status":"closed","template":"","meta":[],"_links":{"self":[{"href":"http:\/\/paroisse-bangkok.com\/index.php\/wp-json\/wp\/v2\/pages\/1788"}],"collection":[{"href":"http:\/\/paroisse-bangkok.com\/index.php\/wp-json\/wp\/v2\/pages"}],"about":[{"href":"http:\/\/paroisse-bangkok.com\/index.php\/wp-json\/wp\/v2\/types\/page"}],"author":[{"embeddable":true,"href":"http:\/\/paroisse-bangkok.com\/index.php\/wp-json\/wp\/v2\/users\/1"}],"replies":[{"embeddable":true,"href":"http:\/\/paroisse-bangkok.com\/index.php\/wp-json\/wp\/v2\/comments?post=1788"}],"version-history":[{"count":8,"href":"http:\/\/paroisse-bangkok.com\/index.php\/wp-json\/wp\/v2\/pages\/1788\/revisions"}],"predecessor-version":[{"id":1922,"href":"http:\/\/paroisse-bangkok.com\/index.php\/wp-json\/wp\/v2\/pages\/1788\/revisions\/1922"}],"wp:attachment":[{"href":"http:\/\/paroisse-bangkok.com\/index.php\/wp-json\/wp\/v2\/media?parent=1788"}],"curies":[{"name":"wp","href":"https:\/\/api.w.org\/{rel}","templated":true}]}}