{"id":264,"date":"2018-03-14T13:34:36","date_gmt":"2018-03-14T12:34:36","guid":{"rendered":"http:\/\/paroisse-bangkok.com\/?page_id=264"},"modified":"2021-08-28T09:35:38","modified_gmt":"2021-08-28T07:35:38","slug":"caritatif","status":"publish","type":"page","link":"http:\/\/paroisse-bangkok.com\/index.php\/caritatif\/","title":{"rendered":"P\u00f4le Ouverture"},"content":{"rendered":"<p style=\"text-align: left;\"><strong><span style=\"color: #808080;\"><span style=\"color: #333399;\">La\u00a0Paroisse soutient de\u00a0nombreux projets :<\/span><\/span><\/strong><\/p>\n<p>Vous pouvez participer en faisant un don : <a href=\"http:\/\/paroisse-bangkok.com\/wp-content\/uploads\/2020\/05\/Qu\u00eates-RIB3.pdf\"><span style=\"color: #ff00ff;\">RIB paroissial<\/span><\/a><\/p>\n<p><strong><span style=\"color: #000080;\">MONTAGNARDS KARENS<\/span><\/strong><br \/>\n<span style=\"color: #000000;\">Minorit\u00e9 ethnique du Nord-Ouest de la Tha\u00eflande, \u00e0 la fronti\u00e8re birmane (r\u00e9gion de Maesot) que nous aidons en offrant, <\/span>p<span style=\"color: #000000;\">ar exemple, panneaux solaires, transport scolaire, et \u00e9quipements divers.<\/span><\/p>\n<p><strong><span style=\"color: #000000;\"><span style=\"color: #000080;\">AIDE AUX DETENUS (IDC)<\/span> <\/span><\/strong><br \/>\n<span style=\"color: #000000;\">Des b\u00e9n\u00e9voles rendent visite \u00e0 des d\u00e9tenus au Centre de d\u00e9tention de l&rsquo;Immigration. Chaque visite est attendue. Cela leur permet d&rsquo;avoir un lien avec l&rsquo;ext\u00e9rieur et un soutient moral. Notre aide consiste \u00e9galement \u00e0 leur apporter des produits de soins et d&rsquo;hygi\u00e8ne pour am\u00e9liorer autant que possible leur quotidien.<\/span><\/p>\n<p><span style=\"color: #000080;\"><strong>FAMILLES DEMUNIES DE KLONG TOEY<\/strong> <\/span><br \/>\n<span style=\"color: #000000;\">Visites de proximit\u00e9, soutien aux personnes \u00e2g\u00e9es vivant parfois dans un \u00e9tat de solitude et d&rsquo;abandon, et aide \u00e0 la scolarisation des enfants pauvres. Nombre de volontaires de la Paroisse vont au contact de ces familles r\u00e9guli\u00e8rement, sous la houlette des p\u00e8res Xavi\u00e9riens.<\/span><\/p>\n<p><span style=\"color: #000000;\"><span style=\"color: #000080;\"><strong>HOMELESS CENTER DE BANGKOK<\/strong><\/span><\/span><br \/>\n<span style=\"color: #000000;\">Personnes sourdes ou handicap\u00e9es, sans famille, y compris \u00e2g\u00e9es ou sortant de prison. Elles retrouvent une dignit\u00e9, avec une chambre, un petit travail et une vie communautaire. La paroisse a aid\u00e9 en achetant des mati\u00e8res premi\u00e8res (piment, plastique, tissu&#8230;) qu&rsquo;elles transforment en produits vendables, afin d&rsquo;acqu\u00e9rir une autonomie financi\u00e8re.\u00a0<\/span><\/p>\n<p><span style=\"color: #ff00ff;\"><strong>CARREFOUR DES ASSOCIATIONS<\/strong><\/span><br \/>\nLa paroisse organise chaque ann\u00e9e un \u00ab\u00a0Carrefour des associations\u00a0\u00bb. C&rsquo;est l&rsquo;occasion pour une dizaine d&rsquo;associations de pouvoir pr\u00e9senter et vendre ces produits de qualit\u00e9 ainsi que de proposer diff\u00e9rentes mani\u00e8res de s&rsquo;engager \u00e0 leurs c\u00f4t\u00e9.<\/p>\n<p><span style=\"color: #993366;\"><strong>PROJETS DE CAREME<\/strong><\/span><\/p>\n<p><b>Projets 2021<\/b><br \/>\nProgramme d&rsquo;\u00e9ducation dans un village Hmong<br \/>\nSoutien aux familles d\u00e9munies de Klong Toey<\/p>\n<p><b>Projets 2020<\/b><br \/>\nFrais de scolarisation dans le bidonville<\/p>\n<p><b>Projets 2019<\/b><br \/>\nPanneaux solaires P\u00e8re Antoine<br \/>\nInondation Barrage Xe-Pian Xe Nanmoy<br \/>\nHomeless Center Thonburi<br \/>\nSoins de sant\u00e9 Klong Toey<br \/>\nGroupe \u00e9lectrog\u00e8ne P\u00e8re Camille<br \/>\nEtudes de religieux en France (CCFM)<\/p>\n<p><b>Projets 2018<\/b><br \/>\nPanneaux solaires P\u00e8re Alain<span class=\"Apple-converted-space\">\u00a0<\/span><br \/>\nAide aux soins pour les d\u00e9tenus<br \/>\nAchat de chaises roulantes Klong Toey<br \/>\nAchat de fournitures Homeless Centre Bangkok<\/p>\n<p><b>Projets 2017<\/b><br \/>\nPanneaux solaires P\u00e8re Camille<br \/>\nTransport scolaire P\u00e8re Camille<br \/>\nSoins de sant\u00e9 via Fr\u00e8re Bernard<\/p>\n","protected":false},"excerpt":{"rendered":"<p>La\u00a0Paroisse soutient de\u00a0nombreux projets : Vous pouvez participer en faisant un don : RIB paroissial MONTAGNARDS KARENS Minorit\u00e9 ethnique du Nord-Ouest de la Tha\u00eflande, \u00e0 la fronti\u00e8re birmane (r\u00e9gion de Maesot) que nous aidons en offrant, par exemple, panneaux solaires, transport scolaire, et \u00e9quipements divers. AIDE AUX DETENUS (IDC) Des b\u00e9n\u00e9voles rendent visite \u00e0 des &hellip; <a href=\"http:\/\/paroisse-bangkok.com\/index.php\/caritatif\/\" class=\"more-link\">Continuer la lecture de <span class=\"screen-reader-text\">P\u00f4le Ouverture<\/span><\/a><\/p>\n","protected":false},"author":1,"featured_media":0,"parent":0,"menu_order":0,"comment_status":"closed","ping_status":"closed","template":"","meta":[],"_links":{"self":[{"href":"http:\/\/paroisse-bangkok.com\/index.php\/wp-json\/wp\/v2\/pages\/264"}],"collection":[{"href":"http:\/\/paroisse-bangkok.com\/index.php\/wp-json\/wp\/v2\/pages"}],"about":[{"href":"http:\/\/paroisse-bangkok.com\/index.php\/wp-json\/wp\/v2\/types\/page"}],"author":[{"embeddable":true,"href":"http:\/\/paroisse-bangkok.com\/index.php\/wp-json\/wp\/v2\/users\/1"}],"replies":[{"embeddable":true,"href":"http:\/\/paroisse-bangkok.com\/index.php\/wp-json\/wp\/v2\/comments?post=264"}],"version-history":[{"count":27,"href":"http:\/\/paroisse-bangkok.com\/index.php\/wp-json\/wp\/v2\/pages\/264\/revisions"}],"predecessor-version":[{"id":3016,"href":"http:\/\/paroisse-bangkok.com\/index.php\/wp-json\/wp\/v2\/pages\/264\/revisions\/3016"}],"wp:attachment":[{"href":"http:\/\/paroisse-bangkok.com\/index.php\/wp-json\/wp\/v2\/media?parent=264"}],"curies":[{"name":"wp","href":"https:\/\/api.w.org\/{rel}","templated":true}]}}