{"id":2641,"date":"2021-03-24T09:41:46","date_gmt":"2021-03-24T08:41:46","guid":{"rendered":"http:\/\/paroisse-bangkok.com\/?page_id=2641"},"modified":"2021-03-26T14:35:47","modified_gmt":"2021-03-26T13:35:47","slug":"mariage","status":"publish","type":"page","link":"http:\/\/paroisse-bangkok.com\/index.php\/mariage\/","title":{"rendered":"Mariage"},"content":{"rendered":"\n<p>D\u00e8s l\u2019origine, Dieu a institu\u00e9 et scell\u00e9 l\u2019union entre le premier homme, Adam, et la premi\u00e8re femme, \u00c8ve (Gen\u00e8se 1, 26-27). La vocation au mariage est inscrite dans la nature m\u00eame de l\u2019homme et de la femme, tels qu\u2019ils sont issus de la main du Cr\u00e9ateur.<\/p>\n\n\n\n<p>Pour l\u2019\u00c9glise, le mariage chr\u00e9tien est donc l\u2019union d\u2019un homme et d\u2019une femme qui ont le projet de s\u2019aimer pour toute la vie et d\u00e9sirent fonder une famille.<\/p>\n\n\n\n<p>Le mariage s\u2019appuie sur \u00ab cinq piliers \u00bb : l\u2019unit\u00e9 de l\u2019homme et de la femme, la libert\u00e9 de consentement, la&nbsp;fid\u00e9lit\u00e9 de l\u2019engagement, l\u2019indissolubilit\u00e9 du lien, la f\u00e9condit\u00e9 de l\u2019amour.<\/p>\n\n\n\n<p>Pour entamer une pr\u00e9paration au mariage ou obtenir davantage de renseignements sur ce sacrement, contactez :<\/p>\n\n\n\n<p>Gadric et St\u00e9phanie Donnezan <span style=\"text-decoration: underline;\">stephanie.donnezan@gmail.com<\/span> ou Pierre-Alo\u00efs et Marie Welsch <span style=\"text-decoration: underline;\">msaurin75@gmail.com<\/span><\/p>\n\n\n\n<div class=\"wp-block-image\"><figure class=\"aligncenter size-large is-resized\"><img loading=\"lazy\" src=\"http:\/\/paroisse-bangkok.com\/wp-content\/uploads\/2021\/03\/HNY-2014-Mariage-New-009-1024x768.jpg\" alt=\"\" class=\"wp-image-2790\" width=\"497\" height=\"372\" srcset=\"http:\/\/paroisse-bangkok.com\/wp-content\/uploads\/2021\/03\/HNY-2014-Mariage-New-009-1024x768.jpg 1024w, http:\/\/paroisse-bangkok.com\/wp-content\/uploads\/2021\/03\/HNY-2014-Mariage-New-009-300x225.jpg 300w, http:\/\/paroisse-bangkok.com\/wp-content\/uploads\/2021\/03\/HNY-2014-Mariage-New-009-768x576.jpg 768w, http:\/\/paroisse-bangkok.com\/wp-content\/uploads\/2021\/03\/HNY-2014-Mariage-New-009-1536x1152.jpg 1536w, http:\/\/paroisse-bangkok.com\/wp-content\/uploads\/2021\/03\/HNY-2014-Mariage-New-009-2048x1536.jpg 2048w\" sizes=\"(max-width: 497px) 100vw, 497px\" \/><\/figure><\/div>\n","protected":false},"excerpt":{"rendered":"<p>D\u00e8s l\u2019origine, Dieu a institu\u00e9 et scell\u00e9 l\u2019union entre le premier homme, Adam, et la premi\u00e8re femme, \u00c8ve (Gen\u00e8se 1, 26-27). La vocation au mariage est inscrite dans la nature m\u00eame de l\u2019homme et de la femme, tels qu\u2019ils sont issus de la main du Cr\u00e9ateur. Pour l\u2019\u00c9glise, le mariage chr\u00e9tien est donc l\u2019union d\u2019un &hellip; <a href=\"http:\/\/paroisse-bangkok.com\/index.php\/mariage\/\" class=\"more-link\">Continuer la lecture de <span class=\"screen-reader-text\">Mariage<\/span><\/a><\/p>\n","protected":false},"author":1,"featured_media":0,"parent":0,"menu_order":0,"comment_status":"closed","ping_status":"closed","template":"","meta":[],"_links":{"self":[{"href":"http:\/\/paroisse-bangkok.com\/index.php\/wp-json\/wp\/v2\/pages\/2641"}],"collection":[{"href":"http:\/\/paroisse-bangkok.com\/index.php\/wp-json\/wp\/v2\/pages"}],"about":[{"href":"http:\/\/paroisse-bangkok.com\/index.php\/wp-json\/wp\/v2\/types\/page"}],"author":[{"embeddable":true,"href":"http:\/\/paroisse-bangkok.com\/index.php\/wp-json\/wp\/v2\/users\/1"}],"replies":[{"embeddable":true,"href":"http:\/\/paroisse-bangkok.com\/index.php\/wp-json\/wp\/v2\/comments?post=2641"}],"version-history":[{"count":10,"href":"http:\/\/paroisse-bangkok.com\/index.php\/wp-json\/wp\/v2\/pages\/2641\/revisions"}],"predecessor-version":[{"id":2793,"href":"http:\/\/paroisse-bangkok.com\/index.php\/wp-json\/wp\/v2\/pages\/2641\/revisions\/2793"}],"wp:attachment":[{"href":"http:\/\/paroisse-bangkok.com\/index.php\/wp-json\/wp\/v2\/media?parent=2641"}],"curies":[{"name":"wp","href":"https:\/\/api.w.org\/{rel}","templated":true}]}}