{"id":2644,"date":"2021-03-24T09:41:46","date_gmt":"2021-03-24T08:41:46","guid":{"rendered":"http:\/\/paroisse-bangkok.com\/?page_id=2644"},"modified":"2021-09-05T09:41:44","modified_gmt":"2021-09-05T07:41:44","slug":"visite-aux-malades-2","status":"publish","type":"page","link":"http:\/\/paroisse-bangkok.com\/index.php\/visite-aux-malades-2\/","title":{"rendered":"Visite aux malades"},"content":{"rendered":"\n<p>Le&nbsp;sacrement des malades a pour but de donner une aide sp\u00e9ciale au chr\u00e9tien confront\u00e9 aux difficult\u00e9s d\u2019une maladie grave ou de la vieillesse <a href=\"https:\/\/eglise.catholique.fr\/approfondir-sa-foi\/la-celebration-de-la-foi\/les-sacrements\/le-sacrement-des-malades\/\">(lire davantage ici<\/a>)<\/p>\n\n\n\n<p>Contact&nbsp;: p\u00e8re Nicolas&nbsp;<span style=\"text-decoration: underline;\">nicolas.lefebure@missionsetrangeres.com<\/span><\/p>\n\n\n\n<p><\/p>\n\n\n\n<div class=\"wp-block-image\"><figure class=\"aligncenter size-large\"><img loading=\"lazy\" width=\"600\" height=\"400\" src=\"http:\/\/paroisse-bangkok.com\/wp-content\/uploads\/2021\/03\/fullsizeoutput_15ec.jpeg\" alt=\"\" class=\"wp-image-2788\" srcset=\"http:\/\/paroisse-bangkok.com\/wp-content\/uploads\/2021\/03\/fullsizeoutput_15ec.jpeg 600w, http:\/\/paroisse-bangkok.com\/wp-content\/uploads\/2021\/03\/fullsizeoutput_15ec-300x200.jpeg 300w\" sizes=\"(max-width: 600px) 100vw, 600px\" \/><\/figure><\/div>\n","protected":false},"excerpt":{"rendered":"<p>Le&nbsp;sacrement des malades a pour but de donner une aide sp\u00e9ciale au chr\u00e9tien confront\u00e9 aux difficult\u00e9s d\u2019une maladie grave ou de la vieillesse (lire davantage ici) Contact&nbsp;: p\u00e8re Nicolas&nbsp;nicolas.lefebure@missionsetrangeres.com<\/p>\n","protected":false},"author":1,"featured_media":0,"parent":0,"menu_order":0,"comment_status":"closed","ping_status":"closed","template":"","meta":[],"_links":{"self":[{"href":"http:\/\/paroisse-bangkok.com\/index.php\/wp-json\/wp\/v2\/pages\/2644"}],"collection":[{"href":"http:\/\/paroisse-bangkok.com\/index.php\/wp-json\/wp\/v2\/pages"}],"about":[{"href":"http:\/\/paroisse-bangkok.com\/index.php\/wp-json\/wp\/v2\/types\/page"}],"author":[{"embeddable":true,"href":"http:\/\/paroisse-bangkok.com\/index.php\/wp-json\/wp\/v2\/users\/1"}],"replies":[{"embeddable":true,"href":"http:\/\/paroisse-bangkok.com\/index.php\/wp-json\/wp\/v2\/comments?post=2644"}],"version-history":[{"count":11,"href":"http:\/\/paroisse-bangkok.com\/index.php\/wp-json\/wp\/v2\/pages\/2644\/revisions"}],"predecessor-version":[{"id":3053,"href":"http:\/\/paroisse-bangkok.com\/index.php\/wp-json\/wp\/v2\/pages\/2644\/revisions\/3053"}],"wp:attachment":[{"href":"http:\/\/paroisse-bangkok.com\/index.php\/wp-json\/wp\/v2\/media?parent=2644"}],"curies":[{"name":"wp","href":"https:\/\/api.w.org\/{rel}","templated":true}]}}