{"id":2705,"date":"2021-03-25T08:22:18","date_gmt":"2021-03-25T07:22:18","guid":{"rendered":"http:\/\/paroisse-bangkok.com\/?page_id=2705"},"modified":"2021-09-05T09:34:40","modified_gmt":"2021-09-05T07:34:40","slug":"parcours-alpha","status":"publish","type":"page","link":"http:\/\/paroisse-bangkok.com\/index.php\/parcours-alpha\/","title":{"rendered":"Parcours Alpha"},"content":{"rendered":"\n<p>C&rsquo;est une s\u00e9rie de rencontres ouvertes sur le monde. Le Parcours Alpha Classic permet de parler spiritualit\u00e9,&nbsp;de ses propres questions et convictions sur le sens de la vie. Apr\u00e8s un temps convivial, une question diff\u00e9rente est abord\u00e9e ouvrant sur une discussion en petit groupe. Ces parcours sont organis\u00e9s dans plus de 700 lieux en France (caf\u00e9s, \u00e9glises, maisons,\u2026), et depuis deux ans \u00e0 Bangkok !<\/p>\n\n\n\n<figure class=\"wp-block-image size-large\"><img loading=\"lazy\" width=\"1024\" height=\"768\" src=\"http:\/\/paroisse-bangkok.com\/wp-content\/uploads\/2021\/03\/Alpha-retraite-01-1024x768.jpg\" alt=\"\" class=\"wp-image-2831\" srcset=\"http:\/\/paroisse-bangkok.com\/wp-content\/uploads\/2021\/03\/Alpha-retraite-01-1024x768.jpg 1024w, http:\/\/paroisse-bangkok.com\/wp-content\/uploads\/2021\/03\/Alpha-retraite-01-300x225.jpg 300w, http:\/\/paroisse-bangkok.com\/wp-content\/uploads\/2021\/03\/Alpha-retraite-01-768x576.jpg 768w, http:\/\/paroisse-bangkok.com\/wp-content\/uploads\/2021\/03\/Alpha-retraite-01-1536x1152.jpg 1536w, http:\/\/paroisse-bangkok.com\/wp-content\/uploads\/2021\/03\/Alpha-retraite-01.jpg 1600w\" sizes=\"(max-width: 1024px) 100vw, 1024px\" \/><\/figure>\n\n\n\n<p class=\"has-text-color has-dark-gray-color\">C&rsquo;est aussi une opportunit\u00e9 de comprendre et d\u00e9couvrir les bases de la spiritualit\u00e9&nbsp;chr\u00e9tienne. Les Parcours Alpha Classic sont ouverts \u00e0 tous,&nbsp;sans engagement, informel et convivial.<\/p>\n\n\n\n<p class=\"has-text-color has-dark-gray-color\">Pour en savoir plus cliquez <a href=\"https:\/\/www.parcoursalpha.fr\/classic\">ici<\/a><\/p>\n\n\n\n<p>Contact : <span style=\"text-decoration: underline;\">paroissecatholique.bangkok@gmail.com<\/span><\/p>\n\n\n\n<div class=\"wp-block-image\"><figure class=\"aligncenter size-large is-resized\"><img loading=\"lazy\" src=\"http:\/\/paroisse-bangkok.com\/wp-content\/uploads\/2021\/03\/Parcours-Alpha-2020-2021-2-1024x769.jpg\" alt=\"\" class=\"wp-image-2774\" width=\"597\" height=\"448\" srcset=\"http:\/\/paroisse-bangkok.com\/wp-content\/uploads\/2021\/03\/Parcours-Alpha-2020-2021-2-1024x769.jpg 1024w, http:\/\/paroisse-bangkok.com\/wp-content\/uploads\/2021\/03\/Parcours-Alpha-2020-2021-2-300x225.jpg 300w, http:\/\/paroisse-bangkok.com\/wp-content\/uploads\/2021\/03\/Parcours-Alpha-2020-2021-2-768x577.jpg 768w, http:\/\/paroisse-bangkok.com\/wp-content\/uploads\/2021\/03\/Parcours-Alpha-2020-2021-2-1536x1154.jpg 1536w, http:\/\/paroisse-bangkok.com\/wp-content\/uploads\/2021\/03\/Parcours-Alpha-2020-2021-2.jpg 1600w\" sizes=\"(max-width: 597px) 100vw, 597px\" \/><\/figure><\/div>\n","protected":false},"excerpt":{"rendered":"<p>C&rsquo;est une s\u00e9rie de rencontres ouvertes sur le monde. Le Parcours Alpha Classic permet de parler spiritualit\u00e9,&nbsp;de ses propres questions et convictions sur le sens de la vie. Apr\u00e8s un temps convivial, une question diff\u00e9rente est abord\u00e9e ouvrant sur une discussion en petit groupe. Ces parcours sont organis\u00e9s dans plus de 700 lieux en France &hellip; <a href=\"http:\/\/paroisse-bangkok.com\/index.php\/parcours-alpha\/\" class=\"more-link\">Continuer la lecture de <span class=\"screen-reader-text\">Parcours Alpha<\/span><\/a><\/p>\n","protected":false},"author":1,"featured_media":0,"parent":0,"menu_order":0,"comment_status":"closed","ping_status":"closed","template":"","meta":[],"_links":{"self":[{"href":"http:\/\/paroisse-bangkok.com\/index.php\/wp-json\/wp\/v2\/pages\/2705"}],"collection":[{"href":"http:\/\/paroisse-bangkok.com\/index.php\/wp-json\/wp\/v2\/pages"}],"about":[{"href":"http:\/\/paroisse-bangkok.com\/index.php\/wp-json\/wp\/v2\/types\/page"}],"author":[{"embeddable":true,"href":"http:\/\/paroisse-bangkok.com\/index.php\/wp-json\/wp\/v2\/users\/1"}],"replies":[{"embeddable":true,"href":"http:\/\/paroisse-bangkok.com\/index.php\/wp-json\/wp\/v2\/comments?post=2705"}],"version-history":[{"count":21,"href":"http:\/\/paroisse-bangkok.com\/index.php\/wp-json\/wp\/v2\/pages\/2705\/revisions"}],"predecessor-version":[{"id":3045,"href":"http:\/\/paroisse-bangkok.com\/index.php\/wp-json\/wp\/v2\/pages\/2705\/revisions\/3045"}],"wp:attachment":[{"href":"http:\/\/paroisse-bangkok.com\/index.php\/wp-json\/wp\/v2\/media?parent=2705"}],"curies":[{"name":"wp","href":"https:\/\/api.w.org\/{rel}","templated":true}]}}