{"id":2846,"date":"2021-03-31T08:55:05","date_gmt":"2021-03-31T06:55:05","guid":{"rendered":"http:\/\/paroisse-bangkok.com\/?page_id=2846"},"modified":"2021-03-31T09:17:14","modified_gmt":"2021-03-31T07:17:14","slug":"organisation","status":"publish","type":"page","link":"http:\/\/paroisse-bangkok.com\/index.php\/organisation\/","title":{"rendered":"Organisation"},"content":{"rendered":"\n<h2 class=\"has-bright-blue-color has-text-color\">D\u00e9finition d&rsquo;une paroisse<\/h2>\n\n\n\n<p><em>La paroisse, lieu d\u2019une communaut\u00e9 chr\u00e9tienne, est avant tout \u00ab la famille de Dieu, fraternit\u00e9 qui n\u2019a qu\u2019une \u00e2me ; c\u2019est une maison de famille, fraternelle et accueillante, c\u2019est la communaut\u00e9 des fid\u00e8les \u00bb.<\/em> (Jean-Paul II)<\/p>\n\n\n\n<p>C\u2019est une\u00a0<strong>communaut\u00e9 de foi<\/strong>, constitu\u00e9e par des\u00a0<strong>ministres ordonn\u00e9s\u00a0<\/strong>et par des\u00a0<strong>chr\u00e9tiens<\/strong>, confi\u00e9e au cur\u00e9, sous l\u2019autorit\u00e9 de l\u2019\u00e9v\u00eaque dioc\u00e9sain, dans laquelle les\u00a0<strong>la\u00efcs peuvent \u00eatre associ\u00e9s\u00a0<\/strong>\u00e0 la \u00ab pleine charge d\u2019\u00e2me \u00bb en cas de n\u00e9cessit\u00e9 (canon 519), et qui poss\u00e8de un\u00a0<strong>caract\u00e8re territorial\u00a0<\/strong>(canon 518), en laissant toutefois la possibilit\u00e9 d\u2019exception.<\/p>\n\n\n\n<h2 class=\"has-bright-blue-color has-text-color\">Organigramme de la PFB<\/h2>\n\n\n\n<p class=\"has-text-align-center\"><\/p>\n\n\n\n<figure class=\"wp-block-image size-large\"><img loading=\"lazy\" width=\"1024\" height=\"477\" src=\"http:\/\/paroisse-bangkok.com\/wp-content\/uploads\/2021\/03\/Organigramme-PFB-1024x477.jpg\" alt=\"\" class=\"wp-image-2862\" srcset=\"http:\/\/paroisse-bangkok.com\/wp-content\/uploads\/2021\/03\/Organigramme-PFB-1024x477.jpg 1024w, http:\/\/paroisse-bangkok.com\/wp-content\/uploads\/2021\/03\/Organigramme-PFB-300x140.jpg 300w, http:\/\/paroisse-bangkok.com\/wp-content\/uploads\/2021\/03\/Organigramme-PFB-768x357.jpg 768w, http:\/\/paroisse-bangkok.com\/wp-content\/uploads\/2021\/03\/Organigramme-PFB-1536x715.jpg 1536w, http:\/\/paroisse-bangkok.com\/wp-content\/uploads\/2021\/03\/Organigramme-PFB-2048x953.jpg 2048w\" sizes=\"(max-width: 1024px) 100vw, 1024px\" \/><\/figure>\n\n\n\n<h2 class=\"has-bright-blue-color has-text-color\">Assembl\u00e9e paroissiale<\/h2>\n\n\n\n<p>V\u00e9ritable\u00a0<strong>caisse de r\u00e9sonance\u00a0<\/strong>de toute la vie paroissiale, elle est \u00e0 l\u2019<strong>\u00e9coute\u00a0<\/strong>de la vie des hommes et des femmes, recueille les\u00a0<strong>id\u00e9es\u00a0<\/strong>et les\u00a0<strong>suggestions\u00a0<\/strong>de la communaut\u00e9, est attentive aux\u00a0<strong>besoins\u00a0<\/strong>nouveaux, aux\u00a0<strong>questions\u00a0<\/strong>d\u2019actualit\u00e9, rapporte les\u00a0<strong>\u00e9chos\u00a0<\/strong>sur la fa\u00e7on dont l\u2019EAP conduit son animation de la paroisse, prodigue des\u00a0<strong>conseils\u00a0<\/strong>et propose des\u00a0<strong>orientations\u00a0<\/strong>pour aller plus loin dans la construction de la communaut\u00e9. Elle ne poss\u00e8de que\u00a0<strong>voix consultative\u00a0<\/strong>(canon 536), son r\u00f4le est d&rsquo;aider le cur\u00e9 et son EAP \u00e0 prendre les\u00a0<strong>d\u00e9cisions<\/strong>.<\/p>\n\n\n\n<h2 class=\"has-bright-blue-color has-text-color\">Equipe d\u2019Animation Pastorale<\/h2>\n\n\n\n<p>L\u2019EAP participe \u00e0 l&rsquo;accomplissement de la\u00a0<strong>charge pastorale<\/strong>. Son autorit\u00e9 est d&rsquo;ordre\u00a0<strong>hi\u00e9rarchique\u00a0<\/strong>et\u00a0<strong>minist\u00e9riel<\/strong>, son r\u00f4le est\u00a0<strong>d\u00e9cisionnel<\/strong>. Elle se tient avec le pasteur en \u00ab vis \u00e0 vis \u00bb de la communaut\u00e9, met en place des\u00a0<strong>projets\u00a0<\/strong>concrets et r\u00e9alistes, porte le souci de la\u00a0<strong>vitalit\u00e9\u00a0<\/strong>des communaut\u00e9s locales, du bon<strong>accueil<\/strong>, de l\u2019<strong>animation<\/strong>, de l&rsquo;<strong>unit\u00e9\u00a0<\/strong>et de la\u00a0<strong>communication<\/strong>. Elle n\u2019a pas pour fonction d\u2019\u00eatre repr\u00e9sentative des quartiers ou des activit\u00e9s.<\/p>\n\n\n\n<h2 class=\"has-bright-blue-color has-text-color\">Equipe d\u2019Animation Liturgique<\/h2>\n\n\n\n<p>L&rsquo;EAL anime la liturgie du dimanche sous toutes ses formes : mot d\u2019<strong>accueil<\/strong>,\u00a0<strong>chants\u00a0<\/strong>et accompagnement\u00a0<strong>musical<\/strong>, pr\u00e9paration des\u00a0<strong>lectures<\/strong>, intentions de la\u00a0<strong>pri\u00e8re universelle<\/strong>, <strong>gestes\u00a0<\/strong>et\u00a0<strong>pri\u00e8res\u00a0<\/strong>qui \u00ab parleront \u00bb en fonction des circonstances, fleurs, sonorisation, d\u00e9coration selon le calendrier des f\u00eates,\u00a0<strong>sacristie<\/strong>,\u00a0<strong>servants\u00a0<\/strong>d&rsquo;autel et servantes d\u2019assembl\u00e9e. Elle enracine la c\u00e9l\u00e9bration dans la vie de la communaut\u00e9, et l\u2019ouvre aux\u00a0<strong>dimensions du monde<\/strong>.<\/p>\n\n\n\n<h2 class=\"has-bright-blue-color has-text-color\">Conseil \u00c9conomique<\/h2>\n\n\n\n<p>Le Conseil Paroissial pour les Affaires Economiques (CPAE) administre, dans le respect de la\u00a0<strong>triple finalit\u00e9\u00a0<\/strong>des biens d\u2019Eglise :<\/p>\n\n\n\n<p>&#8211; organisation du\u00a0<strong>culte<br><\/strong>&#8211;\u00a0<strong>subsistance\u00a0<\/strong>du cur\u00e9 et des autres ministres<br>&#8211;\u00a0<strong>oeuvres\u00a0<\/strong>d&rsquo;apostolat et de charit\u00e9, surtout envers les pauvres.<\/p>\n\n\n\n<p>Il \u00e9tablit le\u00a0<strong>budget\u00a0<\/strong>pr\u00e9visionnel, \u00e9tudie les\u00a0<strong>investissements\u00a0<\/strong>possibles, suit les revenus et les d\u00e9penses, \u00e9tablit les\u00a0<strong>comptes<\/strong>, pr\u00e9sente la\u00a0<strong>situation financi\u00e8re\u00a0<\/strong>\u00e0 la communaut\u00e9 paroissiale et l&rsquo;informe des\u00a0<strong>projets<\/strong>, organise la collecte du\u00a0<strong>denier\u00a0<\/strong>de l\u2019Eglise, et sensibilise les paroissiens \u00e0 leur responsabilit\u00e9 dans la vie mat\u00e9rielle de l\u2019Eglise locale.<\/p>\n\n\n\n<h2 class=\"has-bright-blue-color has-text-color\">Finalit\u00e9 et responsabilit\u00e9<\/h2>\n\n\n\n<p>Cette nouvelle organisation (2021) permet \u00e0 la Paroisse d\u2019\u00eatre accueillante, r\u00e9active et entreprenante, contribue \u00e0 all\u00e9ger la structure tout en donnant la parole \u00e0 tous, identifie et responsabilise des la\u00efcs, et permet au pr\u00eatre de se concentrer sur le minist\u00e8re de la Parole et le service des sacrements.<\/p>\n\n\n\n<p>Les coordinateurs d\u2019activit\u00e9s assument leur t\u00e2che avec comp\u00e9tence ; la Paroisse fait confiance.<\/p>\n\n\n\n<p>Les paroissiens peuvent s\u2019adresser \u00e0 l\u2019EAP pour toutes informations, questions, et besoins.<\/p>\n\n\n\n<p>Animateurs d\u2019EAP et coordinateurs d\u2019activit\u00e9s amen\u00e9s \u00e0 renseigner, organiser et d\u00e9cider, veilleront \u00e0 respecter l\u2019\u00e9quit\u00e9.<\/p>\n\n\n\n<p>Les usages en vigueur dans l\u2019Eglise et la bonne r\u00e9ception par les fid\u00e8les permettront de d\u00e9cider sereinement.<\/p>\n","protected":false},"excerpt":{"rendered":"<p>D\u00e9finition d&rsquo;une paroisse La paroisse, lieu d\u2019une communaut\u00e9 chr\u00e9tienne, est avant tout \u00ab la famille de Dieu, fraternit\u00e9 qui n\u2019a qu\u2019une \u00e2me ; c\u2019est une maison de famille, fraternelle et accueillante, c\u2019est la communaut\u00e9 des fid\u00e8les \u00bb. (Jean-Paul II) C\u2019est une\u00a0communaut\u00e9 de foi, constitu\u00e9e par des\u00a0ministres ordonn\u00e9s\u00a0et par des\u00a0chr\u00e9tiens, confi\u00e9e au cur\u00e9, sous l\u2019autorit\u00e9 de &hellip; <a href=\"http:\/\/paroisse-bangkok.com\/index.php\/organisation\/\" class=\"more-link\">Continuer la lecture de <span class=\"screen-reader-text\">Organisation<\/span><\/a><\/p>\n","protected":false},"author":1,"featured_media":0,"parent":0,"menu_order":0,"comment_status":"closed","ping_status":"closed","template":"","meta":[],"_links":{"self":[{"href":"http:\/\/paroisse-bangkok.com\/index.php\/wp-json\/wp\/v2\/pages\/2846"}],"collection":[{"href":"http:\/\/paroisse-bangkok.com\/index.php\/wp-json\/wp\/v2\/pages"}],"about":[{"href":"http:\/\/paroisse-bangkok.com\/index.php\/wp-json\/wp\/v2\/types\/page"}],"author":[{"embeddable":true,"href":"http:\/\/paroisse-bangkok.com\/index.php\/wp-json\/wp\/v2\/users\/1"}],"replies":[{"embeddable":true,"href":"http:\/\/paroisse-bangkok.com\/index.php\/wp-json\/wp\/v2\/comments?post=2846"}],"version-history":[{"count":18,"href":"http:\/\/paroisse-bangkok.com\/index.php\/wp-json\/wp\/v2\/pages\/2846\/revisions"}],"predecessor-version":[{"id":2869,"href":"http:\/\/paroisse-bangkok.com\/index.php\/wp-json\/wp\/v2\/pages\/2846\/revisions\/2869"}],"wp:attachment":[{"href":"http:\/\/paroisse-bangkok.com\/index.php\/wp-json\/wp\/v2\/media?parent=2846"}],"curies":[{"name":"wp","href":"https:\/\/api.w.org\/{rel}","templated":true}]}}