{"id":314,"date":"2018-04-16T10:29:13","date_gmt":"2018-04-16T08:29:13","guid":{"rendered":"http:\/\/paroisse-bangkok.com\/?page_id=314"},"modified":"2025-06-27T05:55:34","modified_gmt":"2025-06-27T03:55:34","slug":"catechisme","status":"publish","type":"page","link":"http:\/\/paroisse-bangkok.com\/index.php\/pole-jeunes\/catechisme\/","title":{"rendered":"Cat\u00e9chisme \/ \u00c9veil \u00e0 la foi (5-11 ans)"},"content":{"rendered":"\n<h3><a href=\"https:\/\/docs.google.com\/forms\/d\/e\/1FAIpQLScuqy2kW4rBAqnDyr_VbhKNFXfxkyG8TxWuw4HAsvxjBTYyBg\/viewform\"> Inscription au cat\u00e9chisme pour l&rsquo;ann\u00e9e 2025-2026<\/a><\/h3>\n\n\n\n<figure class=\"wp-block-image size-large\"><img loading=\"lazy\" width=\"724\" height=\"1024\" src=\"http:\/\/paroisse-bangkok.com\/wp-content\/uploads\/2025\/06\/Rentree-cate-2025-Affiche-724x1024.png\" alt=\"\" class=\"wp-image-4173\" srcset=\"http:\/\/paroisse-bangkok.com\/wp-content\/uploads\/2025\/06\/Rentree-cate-2025-Affiche-724x1024.png 724w, http:\/\/paroisse-bangkok.com\/wp-content\/uploads\/2025\/06\/Rentree-cate-2025-Affiche-212x300.png 212w, http:\/\/paroisse-bangkok.com\/wp-content\/uploads\/2025\/06\/Rentree-cate-2025-Affiche-768x1086.png 768w, http:\/\/paroisse-bangkok.com\/wp-content\/uploads\/2025\/06\/Rentree-cate-2025-Affiche-1086x1536.png 1086w, http:\/\/paroisse-bangkok.com\/wp-content\/uploads\/2025\/06\/Rentree-cate-2025-Affiche.png 1414w\" sizes=\"(max-width: 724px) 100vw, 724px\" \/><\/figure>\n\n\n<p>\u2022\u2060 \u2060R\u00e9union des parents : dimanche 21 septembre \u00e0 9h \u00e0 St Joseph convent school <br>\u2022\u2060 \u2060\u20601\u00e8re s\u00e9ance d&rsquo;aum\u00f4nerie: vendredi 19 septembre \u00e0 19h chez les responsables respectifs <br>\u2022\u2060 \u2060\u2060 1\u00e8re s\u00e9ance de cat\u00e9chisme : dimanche 21 septembre \u00e0 9h \u00e0 St Joseph convent school <br>\u2022\u2060 \u2060\u2060 1\u00e8re s\u00e9ance d&rsquo;\u00e9veil \u00e0 la foi : dimanche 21 septembre \u00e0 10h30 \u00e0 St Joseph convent school <br>\u2022\u2060 \u2060\u2060 1\u00e8re s\u00e9ance de cat\u00e9 des petits : plus de pr\u00e9cisions \u00e0 la rentr\u00e9e <br>\u2022\u2060 \u2060\u2060MESSE DE RENTREE : dimanche 21 septembre \u00e0 10h30 \u00e0 St Joseph convent school<\/p>\n<p><span style=\"color: #ff9900;\"><strong>Pour qui <\/strong><\/span>? E<span style=\"color: #000000;\">nfants du CE1 \u00e0 la 6e, qu\u2019ils soient baptis\u00e9s ou non.<\/span><\/p>\n<p><span style=\"color: #ff9900;\"><strong>Quand <\/strong><\/span>? Le d<span style=\"color: #000000;\">imanche matin \u00e0 9h00<a href=\"http:\/\/paroisse-bangkok.com\/wp-content\/uploads\/2023\/07\/Dates-Cate-2023-2024.pdf\"> (treize s\u00e9ances dans l&rsquo;ann\u00e9e)<\/a><\/span><span style=\"color: #000000;\">. <\/span><\/p>\n<p><span style=\"color: #ff9900;\"><strong>O\u00f9 <\/strong><\/span>? \u00c0 la Paroisse Francophone, h\u00e9berg\u00e9e cette ann\u00e9e par les Soeurs de Saint Paul de Chartres \u00e0 Saint Joseph School sur Convent Road (Sala Daeng).<\/p>\n<p><span style=\"color: #ff9900;\"><strong>Avec quelle p\u00e9dagogie<\/strong><\/span> ?<\/p>\n<p><span style=\"color: #000000;\">&#8211; \u00ab\u00a0Il est le Chemin, la V\u00e9rit\u00e9, la Vie\u00a0\u00bb, cat\u00e9chisme pour tous les \u00e2ges \u00e9crit par le dioc\u00e8se de Dijon pour la premi\u00e8re et deuxi\u00e8me ann\u00e9e.<\/span><\/p>\n<p><span style=\"color: #000000;\">En deuxi\u00e8me ann\u00e9e de cat\u00e9chisme, nous proposons aux enfants de se pr\u00e9parer \u00e0 la <span style=\"color: #333399;\">Premi\u00e8re Communion<\/span>, et en 6e de se pr\u00e9parer \u00e0 la<\/span>&nbsp;<span style=\"color: #333399;\">P<\/span><span style=\"color: #000000;\"><span style=\"color: #333399;\">rofession de Foi<\/span>.<\/span><\/p>\n<p><span style=\"color: #ff9900;\"><strong>Coordinatrice<\/strong>&nbsp;<\/span>:<span style=\"color: #333333;\"> Madame Fleur Mirabaud : <span style=\"text-decoration: underline;\">cateparoissebkk@gmail.com<\/span><\/span><\/p>\n<h5 style=\"text-align: left;\"><span style=\"color: #ff6600;\"><strong>Nous recherchons des animateurs, venez nous rejoindre !&nbsp;<\/strong><\/span><\/h5>\n<p><span style=\"color: #000000;\">C\u2019est en tout une trentaine d\u2019animateurs de cat\u00e9 et d\u2019aum\u00f4nerie qui se proposent, chaque ann\u00e9e, pour<\/span>&nbsp;<span style=\"color: #000000;\">transmettre leur foi aux plus jeunes. Cette transmission se fait \u00e0 travers la d\u00e9couverte de la Parole de Dieu, des sacrements, et de la vie en communaut\u00e9 chr\u00e9tienne.<\/span><\/p>\n<p><span style=\"color: #000000;\">Venez d\u00e9couvrir J\u00e9sus avec les enfants en annon\u00e7ant votre foi comme une Bonne Nouvelle.<\/span><\/p>\n<p><span style=\"color: #000000;\">Des rencontres pour les cat\u00e9chistes sont pr\u00e9vues afin de les accompagner dans ce service. <\/span><\/p>\n<p><span style=\"color: #000000;\">L\u2019important n\u2019\u00e9tant pas d\u2019enseigner ce que l\u2019on sait, mais de transmettre ce que l\u2019on croit. La paroisse n\u2019embauche aucun salari\u00e9 pour la transmission de la foi, c\u2019est pourquoi il revient \u00e0 vous, a<\/span><span style=\"color: #000000;\">dultes &#8211; en particulier les parents &#8211; de transmettre ce que vous avez re\u00e7u et ce en quoi vous croyez. <\/span><\/p>\n<p><span style=\"color: #000000;\">Contactez les coordinateurs cat\u00e9 : <span style=\"text-decoration: underline;\">cateparoissebkk@gmail.com<\/span><\/span><\/p>\n<h5><span style=\"color: #ff6600;\"><strong><img loading=\"lazy\" class=\" wp-image-508 aligncenter\" src=\"http:\/\/paroisse-bangkok.com\/wp-content\/uploads\/2018\/05\/P1180286-e1527230221538-300x225.jpg\" alt=\"\" width=\"512\" height=\"384\" srcset=\"http:\/\/paroisse-bangkok.com\/wp-content\/uploads\/2018\/05\/P1180286-e1527230221538-300x225.jpg 300w, http:\/\/paroisse-bangkok.com\/wp-content\/uploads\/2018\/05\/P1180286-e1527230221538-768x576.jpg 768w, http:\/\/paroisse-bangkok.com\/wp-content\/uploads\/2018\/05\/P1180286-e1527230221538-1024x768.jpg 1024w\" sizes=\"(max-width: 512px) 100vw, 512px\" \/><br>RESSOURCES<\/strong><\/span><\/h5>\n<p><span style=\"color: #3366ff;\">THEOBULE<\/span> : Programme 2021-2022&nbsp;<span style=\"color: #3366ff;\"><a style=\"color: #3366ff;\" href=\"https:\/\/www.theobule.org\/le-programme-de-l-annee\">ici<\/a><\/span><\/p>\n<p><span style=\"color: #3366ff;\">PAR LA PAROLE<\/span> :&nbsp;Cat\u00e9ch\u00e8se biblique liturgique pour tous les \u00e2ges <span style=\"color: #3366ff;\"><a style=\"color: #3366ff;\" href=\"https:\/\/www.catechese-par-la-parole.catholique.fr\/\">ici<\/a><\/span><\/p>\n<p><span style=\"color: #3366ff;\">MAME<\/span> : Coloriage et activit\u00e9s <a href=\"https:\/\/www.mameeditions.com\/coloriages-et-activites-a-la-maison\"><span style=\"color: #3366ff;\">ici<\/span><\/a>&nbsp;\u2013 C\u00e9l\u00e9brer le dimanche \u00e0 la maison <a href=\"https:\/\/www.mameeditions.com\/vivre-la-messe-en-famille-a-la-maison\"><span style=\"color: #3366ff;\">ici<\/span><\/a><\/p>\n<p><span style=\"color: #3366ff;\">CEF<\/span> : Vivre une liturgie dominicale en famille&nbsp;<span style=\"color: #3366ff;\"><a style=\"color: #3366ff;\" href=\"https:\/\/catechese.catholique.fr\/outils\/propositions-celebrations-liturgiques\/311969-famille-instaurer-liturgie-domestique-dimanche-confinement\/\">ici<\/a><\/span><\/p>\n<p><span style=\"color: #3366ff;\">SITE COLLABORATIF<\/span> : Pour vivre le confinement chr\u00e9tiennement&nbsp;<span style=\"color: #3366ff;\"><a style=\"color: #3366ff;\" href=\"https:\/\/chretiens-en-confinement.org\/\">ici<\/a><\/span><\/p>","protected":false},"excerpt":{"rendered":"<p>Inscription au cat\u00e9chisme pour l&rsquo;ann\u00e9e 2025-2026 \u2022\u2060 \u2060R\u00e9union des parents : dimanche 21 septembre \u00e0 9h \u00e0 St Joseph convent school \u2022\u2060 \u2060\u20601\u00e8re s\u00e9ance d&rsquo;aum\u00f4nerie: vendredi 19 septembre \u00e0 19h chez les responsables respectifs \u2022\u2060 \u2060\u2060 1\u00e8re s\u00e9ance de cat\u00e9chisme : dimanche 21 septembre \u00e0 9h \u00e0 St Joseph convent school \u2022\u2060 \u2060\u2060 1\u00e8re s\u00e9ance &hellip; <a href=\"http:\/\/paroisse-bangkok.com\/index.php\/pole-jeunes\/catechisme\/\" class=\"more-link\">Continuer la lecture de <span class=\"screen-reader-text\">Cat\u00e9chisme \/ \u00c9veil \u00e0 la foi (5-11 ans)<\/span><\/a><\/p>\n","protected":false},"author":1,"featured_media":0,"parent":120,"menu_order":0,"comment_status":"closed","ping_status":"closed","template":"","meta":[],"_links":{"self":[{"href":"http:\/\/paroisse-bangkok.com\/index.php\/wp-json\/wp\/v2\/pages\/314"}],"collection":[{"href":"http:\/\/paroisse-bangkok.com\/index.php\/wp-json\/wp\/v2\/pages"}],"about":[{"href":"http:\/\/paroisse-bangkok.com\/index.php\/wp-json\/wp\/v2\/types\/page"}],"author":[{"embeddable":true,"href":"http:\/\/paroisse-bangkok.com\/index.php\/wp-json\/wp\/v2\/users\/1"}],"replies":[{"embeddable":true,"href":"http:\/\/paroisse-bangkok.com\/index.php\/wp-json\/wp\/v2\/comments?post=314"}],"version-history":[{"count":69,"href":"http:\/\/paroisse-bangkok.com\/index.php\/wp-json\/wp\/v2\/pages\/314\/revisions"}],"predecessor-version":[{"id":4180,"href":"http:\/\/paroisse-bangkok.com\/index.php\/wp-json\/wp\/v2\/pages\/314\/revisions\/4180"}],"up":[{"embeddable":true,"href":"http:\/\/paroisse-bangkok.com\/index.php\/wp-json\/wp\/v2\/pages\/120"}],"wp:attachment":[{"href":"http:\/\/paroisse-bangkok.com\/index.php\/wp-json\/wp\/v2\/media?parent=314"}],"curies":[{"name":"wp","href":"https:\/\/api.w.org\/{rel}","templated":true}]}}