{"id":319,"date":"2018-04-16T10:58:58","date_gmt":"2018-04-16T08:58:58","guid":{"rendered":"http:\/\/paroisse-bangkok.com\/?page_id=319"},"modified":"2021-09-05T09:33:27","modified_gmt":"2021-09-05T07:33:27","slug":"servants-dautel","status":"publish","type":"page","link":"http:\/\/paroisse-bangkok.com\/index.php\/pole-jeunes\/servants-dautel\/","title":{"rendered":"Servants d&rsquo;Autel"},"content":{"rendered":"<p style=\"text-align: left;\"><span style=\"color: #000000;\"> <img loading=\"lazy\" class=\"wp-image-2558 aligncenter\" src=\"http:\/\/paroisse-bangkok.com\/wp-content\/uploads\/2021\/03\/Confirmation-2019-006-300x200.jpg\" alt=\"\" width=\"461\" height=\"307\" srcset=\"http:\/\/paroisse-bangkok.com\/wp-content\/uploads\/2021\/03\/Confirmation-2019-006-300x200.jpg 300w, http:\/\/paroisse-bangkok.com\/wp-content\/uploads\/2021\/03\/Confirmation-2019-006-1024x683.jpg 1024w, http:\/\/paroisse-bangkok.com\/wp-content\/uploads\/2021\/03\/Confirmation-2019-006-768x512.jpg 768w, http:\/\/paroisse-bangkok.com\/wp-content\/uploads\/2021\/03\/Confirmation-2019-006-1536x1024.jpg 1536w, http:\/\/paroisse-bangkok.com\/wp-content\/uploads\/2021\/03\/Confirmation-2019-006-2048x1365.jpg 2048w\" sizes=\"(max-width: 461px) 100vw, 461px\" \/><\/span><\/p>\n<p style=\"text-align: center;\"><span style=\"color: #333399;\">\u00ab Je ne vous appelle plus serviteurs mais amis \u00bb Jn 15, 15<\/span><\/p>\n<p><span style=\"color: #000000;\">Les servants d\u2019autel sont des jeunes qui acceptent de s\u2019engager au service direct de la liturgie.<\/span><\/p>\n<p><span style=\"color: #000000;\">Ils ont une fonction sp\u00e9cifique d<\/span><span style=\"color: #000000;\">ans la liturgie : aider le pr\u00eatre dans les actions de la\u00a0messe,\u00a0 <\/span><span style=\"color: #000000;\">et aider l\u2019assembl\u00e9e \u00e0 prier.<br \/>\n<\/span><\/p>\n<p><span style=\"color: #000000;\"><img loading=\"lazy\" class=\" wp-image-2800 alignright\" src=\"http:\/\/paroisse-bangkok.com\/wp-content\/uploads\/2021\/03\/Enfants-de-choeur-200x300.jpg\" alt=\"\" width=\"216\" height=\"324\" srcset=\"http:\/\/paroisse-bangkok.com\/wp-content\/uploads\/2021\/03\/Enfants-de-choeur-200x300.jpg 200w, http:\/\/paroisse-bangkok.com\/wp-content\/uploads\/2021\/03\/Enfants-de-choeur.jpg 683w\" sizes=\"(max-width: 216px) 100vw, 216px\" \/>C\u2019est un <span style=\"text-decoration: underline;\">engagement<\/span> :<\/span><br \/>\n<span style=\"color: #000000;\"> \u00catre servant d\u2019autel, c\u2019est accomplir un minist\u00e8re liturgique, un engagement profond au service de l\u2019\u00c9glise.<\/span><br \/>\n<span style=\"color: #000000;\"> Cela exige s\u00e9rieux, assiduit\u00e9 et disponibilit\u00e9.<\/span><\/p>\n<p><span style=\"color: #000000;\">Cela permet de :<\/span><br \/>\n<span style=\"color: #000000;\"> \u2013 Progresser dans sa vie de jeune chr\u00e9tien, en connaissant mieux ce qu\u2019est la messe.<\/span><br \/>\n<span style=\"color: #000000;\"> \u2013 Se mettre au service de la communaut\u00e9, en l\u2019aidant \u00e0 mieux participer \u00e0 la liturgie.<\/span><br \/>\n<span style=\"color: #000000;\"> \u2013 Aller \u00e0 la rencontre des autres, en cr\u00e9ant entre servants un esprit d\u2019\u00e9quipe et une vraie fraternit\u00e9.<\/span><\/p>\n<p><span style=\"color: #000000;\">Contact : <span style=\"text-decoration: underline;\">paroissecatholique.bangkok@gmail.com<\/span><\/span><\/p>\n","protected":false},"excerpt":{"rendered":"<p>\u00ab Je ne vous appelle plus serviteurs mais amis \u00bb Jn 15, 15 Les servants d\u2019autel sont des jeunes qui acceptent de s\u2019engager au service direct de la liturgie. Ils ont une fonction sp\u00e9cifique dans la liturgie : aider le pr\u00eatre dans les actions de la\u00a0messe,\u00a0 et aider l\u2019assembl\u00e9e \u00e0 prier. C\u2019est un engagement : &hellip; <a href=\"http:\/\/paroisse-bangkok.com\/index.php\/pole-jeunes\/servants-dautel\/\" class=\"more-link\">Continuer la lecture de <span class=\"screen-reader-text\">Servants d&rsquo;Autel<\/span><\/a><\/p>\n","protected":false},"author":1,"featured_media":0,"parent":120,"menu_order":0,"comment_status":"closed","ping_status":"closed","template":"","meta":[],"_links":{"self":[{"href":"http:\/\/paroisse-bangkok.com\/index.php\/wp-json\/wp\/v2\/pages\/319"}],"collection":[{"href":"http:\/\/paroisse-bangkok.com\/index.php\/wp-json\/wp\/v2\/pages"}],"about":[{"href":"http:\/\/paroisse-bangkok.com\/index.php\/wp-json\/wp\/v2\/types\/page"}],"author":[{"embeddable":true,"href":"http:\/\/paroisse-bangkok.com\/index.php\/wp-json\/wp\/v2\/users\/1"}],"replies":[{"embeddable":true,"href":"http:\/\/paroisse-bangkok.com\/index.php\/wp-json\/wp\/v2\/comments?post=319"}],"version-history":[{"count":21,"href":"http:\/\/paroisse-bangkok.com\/index.php\/wp-json\/wp\/v2\/pages\/319\/revisions"}],"predecessor-version":[{"id":3043,"href":"http:\/\/paroisse-bangkok.com\/index.php\/wp-json\/wp\/v2\/pages\/319\/revisions\/3043"}],"up":[{"embeddable":true,"href":"http:\/\/paroisse-bangkok.com\/index.php\/wp-json\/wp\/v2\/pages\/120"}],"wp:attachment":[{"href":"http:\/\/paroisse-bangkok.com\/index.php\/wp-json\/wp\/v2\/media?parent=319"}],"curies":[{"name":"wp","href":"https:\/\/api.w.org\/{rel}","templated":true}]}}