{"id":325,"date":"2018-04-16T11:13:10","date_gmt":"2018-04-16T09:13:10","guid":{"rendered":"http:\/\/paroisse-bangkok.com\/?page_id=325"},"modified":"2021-09-05T09:57:24","modified_gmt":"2021-09-05T07:57:24","slug":"cebi","status":"publish","type":"page","link":"http:\/\/paroisse-bangkok.com\/index.php\/pole-adultes\/cebi\/","title":{"rendered":"CEBi"},"content":{"rendered":"<p><img loading=\"lazy\" class=\" wp-image-2590 aligncenter\" src=\"http:\/\/paroisse-bangkok.com\/wp-content\/uploads\/2021\/03\/cebi-1024x768-2-300x225.jpg\" alt=\"\" width=\"599\" height=\"449\" srcset=\"http:\/\/paroisse-bangkok.com\/wp-content\/uploads\/2021\/03\/cebi-1024x768-2-300x225.jpg 300w, http:\/\/paroisse-bangkok.com\/wp-content\/uploads\/2021\/03\/cebi-1024x768-2-768x576.jpg 768w, http:\/\/paroisse-bangkok.com\/wp-content\/uploads\/2021\/03\/cebi-1024x768-2.jpg 1024w\" sizes=\"(max-width: 599px) 100vw, 599px\" \/><\/p>\n<p><span style=\"color: #008000;\"><strong>\u00a0<\/strong><\/span><\/p>\n<p><span style=\"color: #008000;\"><strong>C&rsquo;est quoi<\/strong> <\/span><span style=\"color: #000000;\">? Le Centre d\u2019Etudes Bibliques est anim\u00e9 par P\u00e8re Aristide Camio pour comprendre le sens et la symbolique de nos textes sacr\u00e9s, des Evangiles.<\/span><\/p>\n<p><span style=\"color: #000000;\">Le CEBI est un opportunit\u00e9 pour :<\/span><\/p>\n<ul>\n<li><span style=\"color: #000000;\">Grandir, apprendre et devenir des agents de transmission plus efficaces.<\/span><\/li>\n<li><span style=\"color: #000000;\">Comprendre le message du Christ pour \u00eatre des chr\u00e9tiens engag\u00e9s.<\/span><\/li>\n<li><span style=\"color: #000000;\">Cr\u00e9er un espace pour discuter, \u00e9changer, s&rsquo;interroger sur nos textes et notre foi.<\/span><\/li>\n<\/ul>\n<p><span style=\"color: #000000;\">Avec bienveillance, curiosit\u00e9 et participation, venez allier intelligence, convivialit\u00e9 et spiritualit\u00e9 !<\/span><\/p>\n<p><span style=\"color: #000000;\"><span style=\"color: #008000;\"><strong>\u00a0Quand<\/strong><\/span> ? En semaine, de 18h30 \u00e0 20h00.<\/span><\/p>\n<p><span style=\"color: #000000;\"><span style=\"color: #008000;\"><strong>O\u00f9<\/strong> <\/span>? A la Paroisse Francophone, 254 Silom Road.<\/span><\/p>\n<p><span style=\"color: #000000;\">Contact : Serge Jacquemot <span style=\"text-decoration: underline;\"><span style=\"color: #333333; text-decoration: underline;\">sergejacquemot@gmail.com<\/span><\/span><\/span><\/p>\n","protected":false},"excerpt":{"rendered":"<p>\u00a0 C&rsquo;est quoi ? Le Centre d\u2019Etudes Bibliques est anim\u00e9 par P\u00e8re Aristide Camio pour comprendre le sens et la symbolique de nos textes sacr\u00e9s, des Evangiles. Le CEBI est un opportunit\u00e9 pour : Grandir, apprendre et devenir des agents de transmission plus efficaces. Comprendre le message du Christ pour \u00eatre des chr\u00e9tiens engag\u00e9s. Cr\u00e9er &hellip; <a href=\"http:\/\/paroisse-bangkok.com\/index.php\/pole-adultes\/cebi\/\" class=\"more-link\">Continuer la lecture de <span class=\"screen-reader-text\">CEBi<\/span><\/a><\/p>\n","protected":false},"author":1,"featured_media":0,"parent":259,"menu_order":0,"comment_status":"closed","ping_status":"closed","template":"","meta":[],"_links":{"self":[{"href":"http:\/\/paroisse-bangkok.com\/index.php\/wp-json\/wp\/v2\/pages\/325"}],"collection":[{"href":"http:\/\/paroisse-bangkok.com\/index.php\/wp-json\/wp\/v2\/pages"}],"about":[{"href":"http:\/\/paroisse-bangkok.com\/index.php\/wp-json\/wp\/v2\/types\/page"}],"author":[{"embeddable":true,"href":"http:\/\/paroisse-bangkok.com\/index.php\/wp-json\/wp\/v2\/users\/1"}],"replies":[{"embeddable":true,"href":"http:\/\/paroisse-bangkok.com\/index.php\/wp-json\/wp\/v2\/comments?post=325"}],"version-history":[{"count":19,"href":"http:\/\/paroisse-bangkok.com\/index.php\/wp-json\/wp\/v2\/pages\/325\/revisions"}],"predecessor-version":[{"id":3054,"href":"http:\/\/paroisse-bangkok.com\/index.php\/wp-json\/wp\/v2\/pages\/325\/revisions\/3054"}],"up":[{"embeddable":true,"href":"http:\/\/paroisse-bangkok.com\/index.php\/wp-json\/wp\/v2\/pages\/259"}],"wp:attachment":[{"href":"http:\/\/paroisse-bangkok.com\/index.php\/wp-json\/wp\/v2\/media?parent=325"}],"curies":[{"name":"wp","href":"https:\/\/api.w.org\/{rel}","templated":true}]}}