{"id":343,"date":"2018-04-28T10:06:16","date_gmt":"2018-04-28T08:06:16","guid":{"rendered":"http:\/\/paroisse-bangkok.com\/?page_id=343"},"modified":"2021-09-05T09:24:25","modified_gmt":"2021-09-05T07:24:25","slug":"equipe-notre-dame","status":"publish","type":"page","link":"http:\/\/paroisse-bangkok.com\/index.php\/pole-adultes\/equipe-notre-dame\/","title":{"rendered":"Equipe Notre-Dame"},"content":{"rendered":"<p><span style=\"color: #000000;\"><img loading=\"lazy\" class=\" wp-image-404 alignright\" src=\"http:\/\/paroisse-bangkok.com\/wp-content\/uploads\/2018\/05\/END-Logo-300x195-300x195.jpg\" alt=\"\" width=\"210\" height=\"136\" \/>Mouvement international de<\/span> <span style=\"color: #000000;\">spiritualit\u00e9 conjugale;<\/span><span style=\"color: #000000;\">les END proposent aux couples chr\u00e9tiens unis par le sacrement du mariage :<\/span><\/p>\n<p><span style=\"color: #000000;\">* un lieu privil\u00e9gi\u00e9 pour vivre l\u2019\u00c9vangile,<\/span><\/p>\n<p><span style=\"color: #000000;\">* un moyen pour \u00eatre heureux en couple et en famille,<\/span><\/p>\n<p><span style=\"color: #000000;\">* un cheminement et une entraide entre couples.<\/span><\/p>\n<p><span style=\"color: #000000;\">Pour plus d\u2019information sur les Equipes Notre-Dame, <span style=\"color: #3366ff;\"><a style=\"color: #3366ff;\" href=\"https:\/\/www.equipes-notre-dame.fr\/\">cliquez ici<\/a><\/span>.<\/span><\/p>\n<p><span style=\"color: #000000;\">Contact : Philippe et Edith Sebaux <\/span><span style=\"text-decoration: underline;\"><span style=\"color: #333333; text-decoration: underline;\">philippe@sebaux.com<\/span><\/span><\/p>\n\n\n<figure class=\"wp-block-image size-large\"><img loading=\"lazy\" width=\"852\" height=\"657\" src=\"http:\/\/paroisse-bangkok.com\/wp-content\/uploads\/2021\/03\/2f311ab5-df94-492a-a759-6cf61dd385ae.jpg\" alt=\"\" class=\"wp-image-2824\" srcset=\"http:\/\/paroisse-bangkok.com\/wp-content\/uploads\/2021\/03\/2f311ab5-df94-492a-a759-6cf61dd385ae.jpg 852w, http:\/\/paroisse-bangkok.com\/wp-content\/uploads\/2021\/03\/2f311ab5-df94-492a-a759-6cf61dd385ae-300x231.jpg 300w, http:\/\/paroisse-bangkok.com\/wp-content\/uploads\/2021\/03\/2f311ab5-df94-492a-a759-6cf61dd385ae-768x592.jpg 768w\" sizes=\"(max-width: 852px) 100vw, 852px\" \/><\/figure>\n","protected":false},"excerpt":{"rendered":"<p>Mouvement international de spiritualit\u00e9 conjugale;les END proposent aux couples chr\u00e9tiens unis par le sacrement du mariage : * un lieu privil\u00e9gi\u00e9 pour vivre l\u2019\u00c9vangile, * un moyen pour \u00eatre heureux en couple et en famille, * un cheminement et une entraide entre couples. Pour plus d\u2019information sur les Equipes Notre-Dame, cliquez ici. Contact : Philippe &hellip; <a href=\"http:\/\/paroisse-bangkok.com\/index.php\/pole-adultes\/equipe-notre-dame\/\" class=\"more-link\">Continuer la lecture de <span class=\"screen-reader-text\">Equipe Notre-Dame<\/span><\/a><\/p>\n","protected":false},"author":1,"featured_media":0,"parent":259,"menu_order":0,"comment_status":"closed","ping_status":"closed","template":"","meta":[],"_links":{"self":[{"href":"http:\/\/paroisse-bangkok.com\/index.php\/wp-json\/wp\/v2\/pages\/343"}],"collection":[{"href":"http:\/\/paroisse-bangkok.com\/index.php\/wp-json\/wp\/v2\/pages"}],"about":[{"href":"http:\/\/paroisse-bangkok.com\/index.php\/wp-json\/wp\/v2\/types\/page"}],"author":[{"embeddable":true,"href":"http:\/\/paroisse-bangkok.com\/index.php\/wp-json\/wp\/v2\/users\/1"}],"replies":[{"embeddable":true,"href":"http:\/\/paroisse-bangkok.com\/index.php\/wp-json\/wp\/v2\/comments?post=343"}],"version-history":[{"count":15,"href":"http:\/\/paroisse-bangkok.com\/index.php\/wp-json\/wp\/v2\/pages\/343\/revisions"}],"predecessor-version":[{"id":3033,"href":"http:\/\/paroisse-bangkok.com\/index.php\/wp-json\/wp\/v2\/pages\/343\/revisions\/3033"}],"up":[{"embeddable":true,"href":"http:\/\/paroisse-bangkok.com\/index.php\/wp-json\/wp\/v2\/pages\/259"}],"wp:attachment":[{"href":"http:\/\/paroisse-bangkok.com\/index.php\/wp-json\/wp\/v2\/media?parent=343"}],"curies":[{"name":"wp","href":"https:\/\/api.w.org\/{rel}","templated":true}]}}