{"id":346,"date":"2018-04-28T10:09:48","date_gmt":"2018-04-28T08:09:48","guid":{"rendered":"http:\/\/paroisse-bangkok.com\/?page_id=346"},"modified":"2021-09-05T10:01:05","modified_gmt":"2021-09-05T08:01:05","slug":"groupe-de-partage","status":"publish","type":"page","link":"http:\/\/paroisse-bangkok.com\/index.php\/pole-adultes\/groupe-de-partage\/","title":{"rendered":"Groupe de Partage"},"content":{"rendered":"<p><img loading=\"lazy\" class=\"wp-image-2815 aligncenter\" src=\"http:\/\/paroisse-bangkok.com\/wp-content\/uploads\/2021\/03\/Partage-Image-2019-03-08-300x169.jpeg\" alt=\"\" width=\"669\" height=\"377\" srcset=\"http:\/\/paroisse-bangkok.com\/wp-content\/uploads\/2021\/03\/Partage-Image-2019-03-08-300x169.jpeg 300w, http:\/\/paroisse-bangkok.com\/wp-content\/uploads\/2021\/03\/Partage-Image-2019-03-08-1024x577.jpeg 1024w, http:\/\/paroisse-bangkok.com\/wp-content\/uploads\/2021\/03\/Partage-Image-2019-03-08-768x432.jpeg 768w, http:\/\/paroisse-bangkok.com\/wp-content\/uploads\/2021\/03\/Partage-Image-2019-03-08-1536x865.jpeg 1536w, http:\/\/paroisse-bangkok.com\/wp-content\/uploads\/2021\/03\/Partage-Image-2019-03-08.jpeg 1600w\" sizes=\"(max-width: 669px) 100vw, 669px\" \/><\/p>\n<p>Un groupe pour, une soir\u00e9e par mois, prendre du recul sur sa vie et \u00e9changer en profondeur.<\/p>\n<p>A chaque fois nous partageons, pendant le d\u00eener, notre fait ou \u00e9v\u00e8nement marquant du mois.<\/p>\n<p>Ensuite nous partageons comment nous vivons dans le quotidien un th\u00e8me qui aura \u00e9t\u00e9 propos\u00e9 et pr\u00e9par\u00e9 par l\u2019un d\u2019entre nous.<\/p>\n<p>Le p\u00e8re Nicolas nous aide \u00e0 avoir une lecture chr\u00e9tienne du th\u00e8me.<\/p>\n<p>L\u2019ambiance est chaleureuse. Chacun fait preuve de bienveillance, de respect des diff\u00e9rents points de vue et d\u2019\u00e9coute attentive.<\/p>\n<p><span style=\"color: #333333;\">Contact : Christelle C\u00e9l\u00e9rier <span style=\"text-decoration: underline;\"><span style=\"text-decoration: underline;\">christellecelerier@hotmail.com<\/span><\/span> ou Jean-Boris Roux <span style=\"text-decoration: underline;\"><span style=\"text-decoration: underline;\">jeanborisroux@yahoo.com<\/span><\/span><\/span><u><\/u><\/p>\n\n\n<div class=\"wp-block-image\"><figure class=\"aligncenter size-large is-resized\"><img loading=\"lazy\" src=\"http:\/\/paroisse-bangkok.com\/wp-content\/uploads\/2021\/03\/2d4bd0d5-625a-419f-9c01-fff2790a33ec-1024x576.jpg\" alt=\"\" class=\"wp-image-2811\" width=\"585\" height=\"329\" srcset=\"http:\/\/paroisse-bangkok.com\/wp-content\/uploads\/2021\/03\/2d4bd0d5-625a-419f-9c01-fff2790a33ec-1024x576.jpg 1024w, http:\/\/paroisse-bangkok.com\/wp-content\/uploads\/2021\/03\/2d4bd0d5-625a-419f-9c01-fff2790a33ec-300x169.jpg 300w, http:\/\/paroisse-bangkok.com\/wp-content\/uploads\/2021\/03\/2d4bd0d5-625a-419f-9c01-fff2790a33ec-768x432.jpg 768w, http:\/\/paroisse-bangkok.com\/wp-content\/uploads\/2021\/03\/2d4bd0d5-625a-419f-9c01-fff2790a33ec-1536x864.jpg 1536w, http:\/\/paroisse-bangkok.com\/wp-content\/uploads\/2021\/03\/2d4bd0d5-625a-419f-9c01-fff2790a33ec.jpg 1600w\" sizes=\"(max-width: 585px) 100vw, 585px\" \/><\/figure><\/div>\n\n\n\n<p><\/p>\n\n\n\n<div class=\"wp-block-image\"><figure class=\"aligncenter size-large is-resized\"><img loading=\"lazy\" src=\"http:\/\/paroisse-bangkok.com\/wp-content\/uploads\/2021\/03\/2018-06-20-2.jpg\" alt=\"\" class=\"wp-image-2819\" width=\"583\" height=\"328\" srcset=\"http:\/\/paroisse-bangkok.com\/wp-content\/uploads\/2021\/03\/2018-06-20-2.jpg 1024w, http:\/\/paroisse-bangkok.com\/wp-content\/uploads\/2021\/03\/2018-06-20-2-300x169.jpg 300w, http:\/\/paroisse-bangkok.com\/wp-content\/uploads\/2021\/03\/2018-06-20-2-768x432.jpg 768w\" sizes=\"(max-width: 583px) 100vw, 583px\" \/><\/figure><\/div>\n","protected":false},"excerpt":{"rendered":"<p>Un groupe pour, une soir\u00e9e par mois, prendre du recul sur sa vie et \u00e9changer en profondeur. A chaque fois nous partageons, pendant le d\u00eener, notre fait ou \u00e9v\u00e8nement marquant du mois. Ensuite nous partageons comment nous vivons dans le quotidien un th\u00e8me qui aura \u00e9t\u00e9 propos\u00e9 et pr\u00e9par\u00e9 par l\u2019un d\u2019entre nous. Le p\u00e8re &hellip; <a href=\"http:\/\/paroisse-bangkok.com\/index.php\/pole-adultes\/groupe-de-partage\/\" class=\"more-link\">Continuer la lecture de <span class=\"screen-reader-text\">Groupe de Partage<\/span><\/a><\/p>\n","protected":false},"author":1,"featured_media":0,"parent":259,"menu_order":0,"comment_status":"closed","ping_status":"closed","template":"","meta":[],"_links":{"self":[{"href":"http:\/\/paroisse-bangkok.com\/index.php\/wp-json\/wp\/v2\/pages\/346"}],"collection":[{"href":"http:\/\/paroisse-bangkok.com\/index.php\/wp-json\/wp\/v2\/pages"}],"about":[{"href":"http:\/\/paroisse-bangkok.com\/index.php\/wp-json\/wp\/v2\/types\/page"}],"author":[{"embeddable":true,"href":"http:\/\/paroisse-bangkok.com\/index.php\/wp-json\/wp\/v2\/users\/1"}],"replies":[{"embeddable":true,"href":"http:\/\/paroisse-bangkok.com\/index.php\/wp-json\/wp\/v2\/comments?post=346"}],"version-history":[{"count":43,"href":"http:\/\/paroisse-bangkok.com\/index.php\/wp-json\/wp\/v2\/pages\/346\/revisions"}],"predecessor-version":[{"id":3059,"href":"http:\/\/paroisse-bangkok.com\/index.php\/wp-json\/wp\/v2\/pages\/346\/revisions\/3059"}],"up":[{"embeddable":true,"href":"http:\/\/paroisse-bangkok.com\/index.php\/wp-json\/wp\/v2\/pages\/259"}],"wp:attachment":[{"href":"http:\/\/paroisse-bangkok.com\/index.php\/wp-json\/wp\/v2\/media?parent=346"}],"curies":[{"name":"wp","href":"https:\/\/api.w.org\/{rel}","templated":true}]}}