{"id":348,"date":"2018-04-28T10:16:58","date_gmt":"2018-04-28T08:16:58","guid":{"rendered":"http:\/\/paroisse-bangkok.com\/?page_id=348"},"modified":"2021-09-05T09:25:39","modified_gmt":"2021-09-05T07:25:39","slug":"priere-des-meres","status":"publish","type":"page","link":"http:\/\/paroisse-bangkok.com\/index.php\/pole-adultes\/priere-des-meres\/","title":{"rendered":"Pri\u00e8re des m\u00e8res"},"content":{"rendered":"<p><span style=\"color: #000000;\"><span style=\"color: #000000;\">La \u00ab\u00a0Pri\u00e8re des M\u00e8res\u00a0\u00bb s&rsquo;adresse et soutient toutes celles qui ont un coeur de m\u00e8re (toute femme c\u00e9libataire, mari\u00e9e, avec ou sans enfant) et qui d\u00e9sirent prier ensemble pour leurs enfants, petits-enfants et tous les enfants du monde.<\/span><\/span><\/p>\n<p style=\"text-align: center;\"><span style=\"color: #3366ff;\">Mais voici ce que dit le Seigneur :<\/span><br \/>\n<em><span style=\"color: #3366ff;\">\u00ab\u00a0Retiens les sanglots de ta voix et les larmes de tes yeux,<\/span><\/em><br \/>\n<em><span style=\"color: #3366ff;\">car ta peine aura sa r\u00e9compense.<\/span><\/em><br \/>\n<em><span style=\"color: #3366ff;\">Ils reviendront du pays de l&rsquo;ennemi.<\/span><\/em><br \/>\n<em><span style=\"color: #3366ff;\">Esp\u00e8re pour ton avenir,<\/span><\/em><br \/>\n<em><span style=\"color: #3366ff;\">car tes fils rentreront dans leurs fronti\u00e8res.\u00a0\u00bb<\/span><\/em><br \/>\n<span style=\"color: #3366ff;\">(J\u00e9r\u00e9mie 31, 16-17)<\/span><\/p>\n<p>Contact : <span style=\"text-decoration: underline;\">paroissecatholique.bangkok@gmail.com<\/span><\/p>\n<p><span style=\"color: #000000;\"><span style=\"color: #000000;\"><img loading=\"lazy\" class=\"alignnone size-medium wp-image-402\" src=\"http:\/\/paroisse-bangkok.com\/wp-content\/uploads\/2018\/05\/prieres-des-meres--298x300.gif\" alt=\"\" width=\"298\" height=\"300\" srcset=\"http:\/\/paroisse-bangkok.com\/wp-content\/uploads\/2018\/05\/prieres-des-meres--298x300.gif 298w, http:\/\/paroisse-bangkok.com\/wp-content\/uploads\/2018\/05\/prieres-des-meres--150x150.gif 150w\" sizes=\"(max-width: 298px) 100vw, 298px\" \/>\u00a0<\/span><\/span><\/p>\n","protected":false},"excerpt":{"rendered":"<p>La \u00ab\u00a0Pri\u00e8re des M\u00e8res\u00a0\u00bb s&rsquo;adresse et soutient toutes celles qui ont un coeur de m\u00e8re (toute femme c\u00e9libataire, mari\u00e9e, avec ou sans enfant) et qui d\u00e9sirent prier ensemble pour leurs enfants, petits-enfants et tous les enfants du monde. Mais voici ce que dit le Seigneur : \u00ab\u00a0Retiens les sanglots de ta voix et les larmes &hellip; <a href=\"http:\/\/paroisse-bangkok.com\/index.php\/pole-adultes\/priere-des-meres\/\" class=\"more-link\">Continuer la lecture de <span class=\"screen-reader-text\">Pri\u00e8re des m\u00e8res<\/span><\/a><\/p>\n","protected":false},"author":1,"featured_media":0,"parent":259,"menu_order":0,"comment_status":"closed","ping_status":"closed","template":"","meta":[],"_links":{"self":[{"href":"http:\/\/paroisse-bangkok.com\/index.php\/wp-json\/wp\/v2\/pages\/348"}],"collection":[{"href":"http:\/\/paroisse-bangkok.com\/index.php\/wp-json\/wp\/v2\/pages"}],"about":[{"href":"http:\/\/paroisse-bangkok.com\/index.php\/wp-json\/wp\/v2\/types\/page"}],"author":[{"embeddable":true,"href":"http:\/\/paroisse-bangkok.com\/index.php\/wp-json\/wp\/v2\/users\/1"}],"replies":[{"embeddable":true,"href":"http:\/\/paroisse-bangkok.com\/index.php\/wp-json\/wp\/v2\/comments?post=348"}],"version-history":[{"count":20,"href":"http:\/\/paroisse-bangkok.com\/index.php\/wp-json\/wp\/v2\/pages\/348\/revisions"}],"predecessor-version":[{"id":3035,"href":"http:\/\/paroisse-bangkok.com\/index.php\/wp-json\/wp\/v2\/pages\/348\/revisions\/3035"}],"up":[{"embeddable":true,"href":"http:\/\/paroisse-bangkok.com\/index.php\/wp-json\/wp\/v2\/pages\/259"}],"wp:attachment":[{"href":"http:\/\/paroisse-bangkok.com\/index.php\/wp-json\/wp\/v2\/media?parent=348"}],"curies":[{"name":"wp","href":"https:\/\/api.w.org\/{rel}","templated":true}]}}