{"id":36,"date":"2018-01-31T10:19:31","date_gmt":"2018-01-31T09:19:31","guid":{"rendered":"http:\/\/paroisse-bangkok.com\/?page_id=36"},"modified":"2025-02-24T16:11:54","modified_gmt":"2025-02-24T15:11:54","slug":"contact","status":"publish","type":"page","link":"http:\/\/paroisse-bangkok.com\/index.php\/contact\/","title":{"rendered":"Contact"},"content":{"rendered":"<p>Pendant la p\u00e9riode des travaux de la maison des Missions \u00c9trang\u00e8res sur Silom Road, la paroisse n&rsquo;a plus de lieu fixe.<\/p>\n<p>Le plus simple et le plus efficace est de nous contacter par courriel pour tout renseignement, la bo\u00eete est relev\u00e9e quasi quotidiennement.\u00a0<\/p>\n<p><br \/><strong>Courriel<\/strong> : \u00a0paroissecatholique.bangkok@gmail.com<\/p>\n\n\n<p><\/p>\n","protected":false},"excerpt":{"rendered":"<p>Pendant la p\u00e9riode des travaux de la maison des Missions \u00c9trang\u00e8res sur Silom Road, la paroisse n&rsquo;a plus de lieu fixe. Le plus simple et le plus efficace est de nous contacter par courriel pour tout renseignement, la bo\u00eete est relev\u00e9e quasi quotidiennement.\u00a0 Courriel : \u00a0paroissecatholique.bangkok@gmail.com<\/p>\n","protected":false},"author":1,"featured_media":0,"parent":0,"menu_order":0,"comment_status":"closed","ping_status":"closed","template":"","meta":[],"_links":{"self":[{"href":"http:\/\/paroisse-bangkok.com\/index.php\/wp-json\/wp\/v2\/pages\/36"}],"collection":[{"href":"http:\/\/paroisse-bangkok.com\/index.php\/wp-json\/wp\/v2\/pages"}],"about":[{"href":"http:\/\/paroisse-bangkok.com\/index.php\/wp-json\/wp\/v2\/types\/page"}],"author":[{"embeddable":true,"href":"http:\/\/paroisse-bangkok.com\/index.php\/wp-json\/wp\/v2\/users\/1"}],"replies":[{"embeddable":true,"href":"http:\/\/paroisse-bangkok.com\/index.php\/wp-json\/wp\/v2\/comments?post=36"}],"version-history":[{"count":11,"href":"http:\/\/paroisse-bangkok.com\/index.php\/wp-json\/wp\/v2\/pages\/36\/revisions"}],"predecessor-version":[{"id":4103,"href":"http:\/\/paroisse-bangkok.com\/index.php\/wp-json\/wp\/v2\/pages\/36\/revisions\/4103"}],"wp:attachment":[{"href":"http:\/\/paroisse-bangkok.com\/index.php\/wp-json\/wp\/v2\/media?parent=36"}],"curies":[{"name":"wp","href":"https:\/\/api.w.org\/{rel}","templated":true}]}}