{"id":366,"date":"2018-05-07T06:33:37","date_gmt":"2018-05-07T04:33:37","guid":{"rendered":"http:\/\/paroisse-bangkok.com\/?page_id=366"},"modified":"2021-09-05T10:31:50","modified_gmt":"2021-09-05T08:31:50","slug":"scoutisme","status":"publish","type":"page","link":"http:\/\/paroisse-bangkok.com\/index.php\/pole-jeunes\/scoutisme\/","title":{"rendered":"Scoutisme"},"content":{"rendered":"<style type=\"text\/css\">.easingslider-568 { max-width: 640px; }.easingslider-568 .easingslider-image { max-height: 400px; max-width: 640px; }.easingslider-568 .easingslider-fade-in, .easingslider-fade-out { -webkit-animation-duration: 400ms; -moz-animation-duration: 400ms; animation-duration: 400ms; }<\/style><script type=\"text\/javascript\">window.EasingSlider568 = {\"width\":640,\"height\":400,\"singleItem\":true,\"items\":1,\"itemsDesktop\":false,\"itemsDesktopSmall\":false,\"itemsTablet\":false,\"itemsTabletSmall\":false,\"itemsMobile\":false,\"responsive\":true,\"lazyLoad\":true,\"autoPlay\":4000,\"slideSpeed\":400,\"navigation\":true,\"navigationText\":[\"\",\"\"],\"pagination\":true,\"autoHeight\":false,\"mouseDrag\":false,\"touchDrag\":false,\"addClassActive\":true,\"transitionStyle\":\"fade\"};<\/script><div data-id=\"568\" class=\"easingslider easingslider-568 easingslider-container easingslider-resizing-enabled easingslider-aspect-ratio easingslider-arrows-inside easingslider-pagination-inside easingslider-pagination-bottom-center\"><div class=\"easingslider-slide\"><img src=\"http:\/\/paroisse-bangkok.com\/wp-content\/plugins\/easing-slider\/assets\/images\/placeholder-pixel.png\" data-src=\"http:\/\/paroisse-bangkok.com\/wp-content\/uploads\/2018\/05\/photo-groupe-scout--640x400.jpg\" alt=\"\" title=\"\" class=\"easingslider-image easingslider-lazy\" \/><\/div><div class=\"easingslider-slide\"><img src=\"http:\/\/paroisse-bangkok.com\/wp-content\/plugins\/easing-slider\/assets\/images\/placeholder-pixel.png\" data-src=\"http:\/\/paroisse-bangkok.com\/wp-content\/uploads\/2018\/06\/IMG_20170924_152044-640x400.jpg\" alt=\"\" title=\"\" class=\"easingslider-image easingslider-lazy\" \/><\/div><div class=\"easingslider-slide\"><img src=\"http:\/\/paroisse-bangkok.com\/wp-content\/plugins\/easing-slider\/assets\/images\/placeholder-pixel.png\" data-src=\"http:\/\/paroisse-bangkok.com\/wp-content\/uploads\/2018\/06\/IMG_20180331_122935-640x400.jpg\" alt=\"\" title=\"\" class=\"easingslider-image easingslider-lazy\" \/><\/div><div class=\"easingslider-slide\"><img src=\"http:\/\/paroisse-bangkok.com\/wp-content\/plugins\/easing-slider\/assets\/images\/placeholder-pixel.png\" data-src=\"http:\/\/paroisse-bangkok.com\/wp-content\/uploads\/2018\/06\/unnamed-640x400.jpg\" alt=\"\" title=\"\" class=\"easingslider-image easingslider-lazy\" \/><\/div><div class=\"easingslider-slide\"><img src=\"http:\/\/paroisse-bangkok.com\/wp-content\/plugins\/easing-slider\/assets\/images\/placeholder-pixel.png\" data-src=\"http:\/\/paroisse-bangkok.com\/wp-content\/uploads\/2018\/06\/unnamed0-640x400.jpg\" alt=\"\" title=\"\" class=\"easingslider-image easingslider-lazy\" \/><\/div><\/div>\n<p><span style=\"color: #000000;\"><br \/>\nLes Scouts et Guides de France est un mouvement catholique de jeunesse et d&rsquo;\u00e9ducation populaire. Ouvert \u00e0 tous sans distinction de croyance, ce mouvement d&rsquo;Eglise propose de d\u00e9couvrir et de vivre l&rsquo;Evangile.<\/span><\/p>\n<p><span style=\"color: #000000;\">Le groupe de la Paroisse Francophone de Bangkok se compose :<\/span><\/p>\n<ul>\n<li><span style=\"color: #000000;\">La peuplade de Louveteaux &#8211; Jeannettes (de 8 \u00e0 11 ans)<\/span><\/li>\n<li><span style=\"color: #000000;\">La tribu des Scouts et Guides ( de 11 \u00e0 14 ans)<\/span><\/li>\n<li><span style=\"color: #000000;\">La caravane des Pionniers et Caravelles (de 14 \u00e0 17 ans)<\/span><\/li>\n<li><span style=\"color: #000000;\">Chefs et cheftaines<\/span><\/li>\n<\/ul>\n<p><span style=\"color: #000000;\">Scouts Francophones de Bangkok<\/span><br \/>\n<span style=\"color: #000000;\">Contact : Ludovic Lacroix + Fran\u00e7ois-Xavier et Delphine Detourni\u00e8re<br \/>\nMail : <span style=\"text-decoration: underline;\">scoutsfrancophones.bangkok@gmail.com<\/span><\/span><\/p>\n<p><span style=\"color: #000000;\">Retour sur le camp Pionniers Caravelles avril 2019 chez les Karens :<\/span><\/p>\n<p><iframe loading=\"lazy\" title=\"Camp Karens 2019\" width=\"660\" height=\"371\" src=\"https:\/\/www.youtube.com\/embed\/8g8tCkaZKWY?feature=oembed\" frameborder=\"0\" allow=\"accelerometer; autoplay; clipboard-write; encrypted-media; gyroscope; picture-in-picture\" allowfullscreen><\/iframe><\/p>\n<p><span style=\"color: #0000ff;\"><strong><u>Chant de la Promesse<\/u><\/strong><\/span> \u00a0<span style=\"text-align: left; color: #000000; text-transform: none; line-height: 24px; text-indent: 0px; letter-spacing: normal; font-family: Georgia,'Times New Roman','Bitstream Charter',Times,serif; font-size: 16px; font-style: italic; font-variant: normal; text-decoration: none; word-spacing: 0px; display: inline !important; white-space: normal; word-wrap: break-word; orphans: 2; float: none; -webkit-text-stroke-width: 0px; background-color: transparent;\">\u00a0 R. Je veux t&rsquo;aimer sans cesse, de plus en plus,<\/span><br style=\"background-color: transparent; color: #333333; font-family: Georgia,&amp;quot; times new roman&amp;quot;,&amp;quot;bitstream charter&amp;quot;,times,serif; font-size: 16px; font-style: italic; font-variant: normal; font-weight: bold; letter-spacing: normal; line-height: 24px; max-width: none; min-height: 0px; orphans: 2; overflow: visible; text-align: left; text-decoration: none; text-indent: 0px; text-transform: none; -webkit-text-stroke-width: 0px; white-space: normal; word-spacing: 0px; word-wrap: break-word; padding: 0px; margin: 0px;\" \/><span style=\"text-align: left; color: #000000; text-transform: none; line-height: 24px; text-indent: 0px; letter-spacing: normal; font-family: Georgia,'Times New Roman','Bitstream Charter',Times,serif; font-size: 16px; font-style: italic; font-variant: normal; text-decoration: none; word-spacing: 0px; display: inline !important; white-space: normal; word-wrap: break-word; orphans: 2; float: none; -webkit-text-stroke-width: 0px; background-color: transparent;\">\u00a0 \u00a0 \u00a0 \u00a0 \u00a0 \u00a0 \u00a0 \u00a0 \u00a0 \u00a0 \u00a0 \u00a0 \u00a0 \u00a0 \u00a0 \u00a0 \u00a0 \u00a0 \u00a0 \u00a0 \u00a0 \u00a0 \u00a0 \u00a0 \u00a0 \u00a0 \u00a0 \u00a0 \u00a0 \u00a0 Prot\u00e8ge ma promesse, Seigneur J\u00e9sus\u00a0!<\/span><\/p>\n<p style=\"text-align: center;\"><span style=\"color: #000000;\">1. Devant tous je m&rsquo;engage<\/span><br \/>\n<span style=\"color: #000000;\"> Sur mon honneur,<\/span><br \/>\n<span style=\"color: #000000;\"> Et je te fais hommage<\/span><br \/>\n<span style=\"color: #000000;\"> De moi, Seigneur\u00a0!<\/span><\/p>\n<p style=\"text-align: center;\"><span style=\"color: #000000;\">2. Je jure de te suivre<\/span><br \/>\n<span style=\"color: #000000;\"> En fier chr\u00e9tien,<\/span><br \/>\n<span style=\"color: #000000;\"> Et tout entier je livre<\/span><br \/>\n<span style=\"color: #000000;\"> Mon c\u0153ur au Tien.<\/span><\/p>\n<p style=\"text-align: center;\"><span style=\"color: #000000;\">3. Fid\u00e8le \u00e0 ma Patrie<\/span><br \/>\n<span style=\"color: #000000;\"> Je le serai\u00a0;<\/span><br \/>\n<span style=\"color: #000000;\"> Tous les jours de ma vie,<\/span><br \/>\n<span style=\"color: #000000;\"> Je servirai.<\/span><\/p>\n<p style=\"text-align: center;\"><span style=\"color: #000000;\">4. Je suis de tes ap\u00f4tres,<\/span><br \/>\n<span style=\"color: #000000;\"> Et chaque jour<\/span><br \/>\n<span style=\"color: #000000;\"> Je veux aider les autres<\/span><br \/>\n<span style=\"color: #000000;\"> Pour ton amour.<\/span><\/p>\n<p style=\"text-align: center;\"><span style=\"color: #000000;\">5. Ta R\u00e8gle a sur nous-m\u00eames<\/span><br \/>\n<span style=\"color: #000000;\"> Un droit sacr\u00e9\u00a0;<\/span><br \/>\n<span style=\"color: #000000;\"> Je suis faible, tu m&rsquo;aimes\u00a0:<\/span><br \/>\n<span style=\"color: #000000;\"> Je maintiendrai\u00a0!<\/span><\/p>\n<p><span style=\"color: #000000;\"><strong><em>\u00a0<\/em><\/strong><\/span><\/p>\n","protected":false},"excerpt":{"rendered":"<p>Les Scouts et Guides de France est un mouvement catholique de jeunesse et d&rsquo;\u00e9ducation populaire. Ouvert \u00e0 tous sans distinction de croyance, ce mouvement d&rsquo;Eglise propose de d\u00e9couvrir et de vivre l&rsquo;Evangile. Le groupe de la Paroisse Francophone de Bangkok se compose : La peuplade de Louveteaux &#8211; Jeannettes (de 8 \u00e0 11 ans) La &hellip; <a href=\"http:\/\/paroisse-bangkok.com\/index.php\/pole-jeunes\/scoutisme\/\" class=\"more-link\">Continuer la lecture de <span class=\"screen-reader-text\">Scoutisme<\/span><\/a><\/p>\n","protected":false},"author":1,"featured_media":0,"parent":120,"menu_order":0,"comment_status":"closed","ping_status":"closed","template":"","meta":[],"_links":{"self":[{"href":"http:\/\/paroisse-bangkok.com\/index.php\/wp-json\/wp\/v2\/pages\/366"}],"collection":[{"href":"http:\/\/paroisse-bangkok.com\/index.php\/wp-json\/wp\/v2\/pages"}],"about":[{"href":"http:\/\/paroisse-bangkok.com\/index.php\/wp-json\/wp\/v2\/types\/page"}],"author":[{"embeddable":true,"href":"http:\/\/paroisse-bangkok.com\/index.php\/wp-json\/wp\/v2\/users\/1"}],"replies":[{"embeddable":true,"href":"http:\/\/paroisse-bangkok.com\/index.php\/wp-json\/wp\/v2\/comments?post=366"}],"version-history":[{"count":35,"href":"http:\/\/paroisse-bangkok.com\/index.php\/wp-json\/wp\/v2\/pages\/366\/revisions"}],"predecessor-version":[{"id":3065,"href":"http:\/\/paroisse-bangkok.com\/index.php\/wp-json\/wp\/v2\/pages\/366\/revisions\/3065"}],"up":[{"embeddable":true,"href":"http:\/\/paroisse-bangkok.com\/index.php\/wp-json\/wp\/v2\/pages\/120"}],"wp:attachment":[{"href":"http:\/\/paroisse-bangkok.com\/index.php\/wp-json\/wp\/v2\/media?parent=366"}],"curies":[{"name":"wp","href":"https:\/\/api.w.org\/{rel}","templated":true}]}}