{"id":447,"date":"2018-05-22T04:32:27","date_gmt":"2018-05-22T02:32:27","guid":{"rendered":"http:\/\/paroisse-bangkok.com\/?page_id=447"},"modified":"2024-05-30T19:22:04","modified_gmt":"2024-05-30T17:22:04","slug":"aumonerie-de-college-et-lycee-12-18-ans","status":"publish","type":"page","link":"http:\/\/paroisse-bangkok.com\/index.php\/pole-jeunes\/aumonerie-de-college-et-lycee-12-18-ans\/","title":{"rendered":"Aum\u00f4nerie de coll\u00e8ge et lyc\u00e9e"},"content":{"rendered":"\n<figure class=\"wp-block-image size-large\"><img loading=\"lazy\" width=\"724\" height=\"1024\" src=\"http:\/\/paroisse-bangkok.com\/wp-content\/uploads\/2022\/05\/Flyers-Aumonerie--724x1024.png\" alt=\"\" class=\"wp-image-3566\" srcset=\"http:\/\/paroisse-bangkok.com\/wp-content\/uploads\/2022\/05\/Flyers-Aumonerie--724x1024.png 724w, http:\/\/paroisse-bangkok.com\/wp-content\/uploads\/2022\/05\/Flyers-Aumonerie--212x300.png 212w, http:\/\/paroisse-bangkok.com\/wp-content\/uploads\/2022\/05\/Flyers-Aumonerie--768x1086.png 768w, http:\/\/paroisse-bangkok.com\/wp-content\/uploads\/2022\/05\/Flyers-Aumonerie--1086x1536.png 1086w, http:\/\/paroisse-bangkok.com\/wp-content\/uploads\/2022\/05\/Flyers-Aumonerie-.png 1414w\" sizes=\"(max-width: 724px) 100vw, 724px\" \/><\/figure>\n\n\n<p>\u00a0<\/p>\n<p><span style=\"color: #000000;\">Soif d\u2019autre chose ? <\/span><span style=\"color: #000000;\">Nous vous attendons une fois par mois pour se retrouver par \u00e9quipe de la 5\u00e8me \u00e0 la terminale, autour d&rsquo;une soir\u00e9e cin\u00e9 sur des th\u00e8mes vari\u00e9s. \u00a0 \u00a0 \u00a0 \u00a0<\/span><\/p>\n<p><span style=\"color: #000000;\">Les soir\u00e9es sont rythm\u00e9es par un film suivis d&rsquo;un repas convivial et d&rsquo;un temps d\u2019\u00e9change, de partage, et de t\u00e9moignages.<\/span><\/p>\n<p><strong><span style=\"color: #0000ff;\">Quand <\/span><\/strong>? <span style=\"color: #000000;\">En soir\u00e9e une fois par mois suivant le planning d\u00e9cid\u00e9 par les animateurs et les jeunes.<\/span><\/p>\n<p><span style=\"color: #000000;\"><span style=\"color: #0000ff;\"><strong>O\u00f9 <\/strong><\/span>? Accueil dans les familles.<\/span><\/p>\n<p><span style=\"color: #000000;\"><span style=\"color: #0000ff;\"><strong>Contact <\/strong><\/span>: <span style=\"text-decoration: underline;\">cateparoissebkk@gmail.com<\/span><\/span><\/p>\n<h3 style=\"text-align: center;\"><span style=\"color: #00ccff;\"><strong><a style=\"color: #00ccff;\" href=\"https:\/\/docs.google.com\/forms\/d\/e\/1FAIpQLSeP05capwL8ZQIxI9AwIIXZByBeTUqT6eY-EoRuWQRKe8Y3lA\/viewform?usp=sf_link\">Inscription Cat\u00e9 et Aum\u00f4nerie 2023<\/a><\/strong><\/span><span style=\"color: #00ccff;\"><strong><a style=\"color: #00ccff;\" href=\"https:\/\/docs.google.com\/forms\/d\/e\/1FAIpQLSeP05capwL8ZQIxI9AwIIXZByBeTUqT6eY-EoRuWQRKe8Y3lA\/viewform?usp=sf_link\">\/2024<\/a><\/strong><\/span><\/h3>\n<p style=\"text-align: left;\"><span style=\"color: #000000;\">Les jeunes de l&rsquo;aum\u00f4nerie sont all\u00e9s en avril,\u00a0rendre visite aux Karens et ont aid\u00e9 \u00e0 repeindre un pr\u00e9au, un beau moment de partage et d&rsquo;\u00e9change! <\/span><span style=\"color: #000000;\">Ils sont revenus avec plein de beaux souvenirs !<\/span><\/p>\n<p><iframe loading=\"lazy\" title=\"Camp karen Avril 2018\" width=\"660\" height=\"371\" src=\"https:\/\/www.youtube.com\/embed\/vubbrU9xSyU?feature=oembed\" frameborder=\"0\" allow=\"accelerometer; autoplay; clipboard-write; encrypted-media; gyroscope; picture-in-picture\" allowfullscreen><\/iframe><\/p>\n<hr \/>\n<p style=\"text-align: left;\"><span style=\"color: #3366ff;\"><strong>Nous recherchons des animateurs, venez nous rejoindre !\u00a0<\/strong><\/span><\/p>\n<p><span style=\"color: #000000;\">C\u2019est en tout une trentaine d\u2019animateurs de cat\u00e9 et d\u2019aum\u00f4nerie qui se proposent, chaque ann\u00e9e, pour<\/span><br \/><span style=\"color: #000000;\"> transmettre leur foi aux plus jeunes. Cette transmission se fait \u00e0 travers la d\u00e9couverte de la Parole de Dieu, des sacrements, et de la vie en communaut\u00e9 chr\u00e9tienne.<\/span><\/p>\n<p><span style=\"color: #000000;\">Venez d\u00e9couvrir J\u00e9sus avec les enfants en annon\u00e7ant votre foi comme une Bonne Nouvelle.<\/span><\/p>\n<p><span style=\"color: #000000;\">Des rencontres pour les cat\u00e9chistes sont pr\u00e9vues afin de les accompagner dans ce service.<\/span><\/p>\n<p><span style=\"color: #000000;\">L\u2019important n\u2019\u00e9tant pas d\u2019enseigner ce que l\u2019on sait, mais de transmettre ce que l\u2019on croit. La paroisse n\u2019embauche aucun salari\u00e9 pour la transmission de la foi, c\u2019est pourquoi il revient \u00e0 vous, adultes &#8211; en particulier les parents &#8211; de transmettre ce que vous avez re\u00e7u et ce en quoi vous croyez.<\/span><\/p>\n<p><span style=\"color: #000000;\">Pour vous inscrire, contactez les coordinateurs cat\u00e9 : cateparoissebkk@gmail.com<\/span><\/p>\n<p><img loading=\"lazy\" class=\"wp-image-2813 aligncenter\" src=\"http:\/\/paroisse-bangkok.com\/wp-content\/uploads\/2021\/03\/DSC_7562-300x200.jpg\" alt=\"\" width=\"594\" height=\"396\" srcset=\"http:\/\/paroisse-bangkok.com\/wp-content\/uploads\/2021\/03\/DSC_7562-300x200.jpg 300w, http:\/\/paroisse-bangkok.com\/wp-content\/uploads\/2021\/03\/DSC_7562-1024x684.jpg 1024w, http:\/\/paroisse-bangkok.com\/wp-content\/uploads\/2021\/03\/DSC_7562-768x513.jpg 768w, http:\/\/paroisse-bangkok.com\/wp-content\/uploads\/2021\/03\/DSC_7562-1536x1025.jpg 1536w, http:\/\/paroisse-bangkok.com\/wp-content\/uploads\/2021\/03\/DSC_7562-2048x1367.jpg 2048w\" sizes=\"(max-width: 594px) 100vw, 594px\" \/><\/p>\n<h4><span style=\"color: #993366;\">RESSOURCES<\/span><\/h4>\n<p><span style=\"color: #3366ff;\">LA BIBLE ! BIEN DANS MA FOI !<\/span> S\u00e9rie formation pour mieux conna\u00eetre sa foi et dialoguer\u00a0<a href=\"https:\/\/catechese.catholique.fr\/outils\/recensions-videos\/306387-bien-foi-mini-serie-mieux-connaitre-foi-dialoguer\/\"><span style=\"color: #3366ff;\">ici<\/span><\/a><\/p>\n<p><span style=\"color: #3366ff;\">POURQUOI, PADRE ?<\/span> Des r\u00e9ponses claires et directes aux questions du grand public :\u00a0<span style=\"color: #3366ff;\"><a style=\"color: #3366ff;\" href=\"https:\/\/www.ktotv.com\/emissions\/pourquoi-padre\">ici<\/a><\/span><\/p>\n<p><span style=\"color: #3366ff;\">FORUM ADOS<\/span> : R\u00e9pondre aux questions des ados pendant le confinement\u00a0<span style=\"color: #3366ff;\"><a style=\"color: #3366ff;\" href=\"https:\/\/jeunes-vocations.catholique.fr\/contact\/accueil\/ados\/forum-ados-repondre-aux-ados-pendant-confinement\/\">ici<\/a><\/span><\/p>\n<p><span style=\"color: #3366ff;\">CATHOFLIX<\/span> :\u00a0Une s\u00e9rie in\u00e9dite, tourn\u00e9e au fil des jour, avec un petit topo et un d\u00e9fi \u00e0 relever\u00a0<span style=\"color: #3366ff;\"><a style=\"color: #3366ff;\" href=\"https:\/\/play.emmanuel.info\/playlist\/cathoflix-15477\/\">ici<\/a><\/span><\/p>\n<p><span style=\"color: #3366ff;\">THEODOM<\/span> : Pendant 5 semaines, red\u00e9couvrez ce que la Bible dit de Marie\u00a0<span style=\"color: #3366ff;\"><a style=\"color: #3366ff;\" href=\"https:\/\/www.theodom.org\/\">ici<\/a><\/span><\/p>\n<p><span style=\"color: #3366ff;\">NETFORGOD<\/span> : Chaque mois un film t\u00e9moigne de l\u2019amour de Dieu \u00e0 l\u2019oeuvre dans le monde\u00a0<span style=\"color: #3366ff;\"><a style=\"color: #3366ff;\" href=\"https:\/\/www.netforgod.tv\/fr\/home\/films\">ici<\/a><\/span><\/p>\n<p><span style=\"color: #3366ff;\">ZEBIBLE<\/span> : S\u2019aventurer dans la Bible, c\u2019est ouvrir sa fen\u00eatre sur un univers\u00a0<span style=\"color: #3366ff;\"><a style=\"color: #3366ff;\" href=\"https:\/\/www.zebible.com\/\">ici<\/a><\/span><\/p>","protected":false},"excerpt":{"rendered":"<p>\u00a0 Soif d\u2019autre chose ? Nous vous attendons une fois par mois pour se retrouver par \u00e9quipe de la 5\u00e8me \u00e0 la terminale, autour d&rsquo;une soir\u00e9e cin\u00e9 sur des th\u00e8mes vari\u00e9s. \u00a0 \u00a0 \u00a0 \u00a0 Les soir\u00e9es sont rythm\u00e9es par un film suivis d&rsquo;un repas convivial et d&rsquo;un temps d\u2019\u00e9change, de partage, et de t\u00e9moignages. &hellip; <a href=\"http:\/\/paroisse-bangkok.com\/index.php\/pole-jeunes\/aumonerie-de-college-et-lycee-12-18-ans\/\" class=\"more-link\">Continuer la lecture de <span class=\"screen-reader-text\">Aum\u00f4nerie de coll\u00e8ge et lyc\u00e9e<\/span><\/a><\/p>\n","protected":false},"author":1,"featured_media":0,"parent":120,"menu_order":0,"comment_status":"closed","ping_status":"closed","template":"","meta":[],"_links":{"self":[{"href":"http:\/\/paroisse-bangkok.com\/index.php\/wp-json\/wp\/v2\/pages\/447"}],"collection":[{"href":"http:\/\/paroisse-bangkok.com\/index.php\/wp-json\/wp\/v2\/pages"}],"about":[{"href":"http:\/\/paroisse-bangkok.com\/index.php\/wp-json\/wp\/v2\/types\/page"}],"author":[{"embeddable":true,"href":"http:\/\/paroisse-bangkok.com\/index.php\/wp-json\/wp\/v2\/users\/1"}],"replies":[{"embeddable":true,"href":"http:\/\/paroisse-bangkok.com\/index.php\/wp-json\/wp\/v2\/comments?post=447"}],"version-history":[{"count":51,"href":"http:\/\/paroisse-bangkok.com\/index.php\/wp-json\/wp\/v2\/pages\/447\/revisions"}],"predecessor-version":[{"id":3900,"href":"http:\/\/paroisse-bangkok.com\/index.php\/wp-json\/wp\/v2\/pages\/447\/revisions\/3900"}],"up":[{"embeddable":true,"href":"http:\/\/paroisse-bangkok.com\/index.php\/wp-json\/wp\/v2\/pages\/120"}],"wp:attachment":[{"href":"http:\/\/paroisse-bangkok.com\/index.php\/wp-json\/wp\/v2\/media?parent=447"}],"curies":[{"name":"wp","href":"https:\/\/api.w.org\/{rel}","templated":true}]}}