{"id":98,"date":"2018-02-01T09:26:08","date_gmt":"2018-02-01T08:26:08","guid":{"rendered":"http:\/\/paroisse-bangkok.com\/index.php\/mesmerize\/"},"modified":"2026-04-25T03:29:56","modified_gmt":"2026-04-25T01:29:56","slug":"mesmerize","status":"publish","type":"page","link":"http:\/\/paroisse-bangkok.com\/","title":{"rendered":"Informations Paroissiales"},"content":{"rendered":"\n<p>                 Chers visiteurs, chers paroissiens, soyez les bienvenus \u00e0 la paroisse francophone de Bangkok !  <\/p>\n\n\n\n<p><strong>Bienvenue dans le temps pascal ! Nous avons v\u00e9cu une magnifique Semaine sainte, avec deux beaux bapt\u00eames et trois confirmations ! Dans la joie de P\u00e2ques, nous nous retrouvons pour c\u00e9l\u00e9brer les premi\u00e8res communion des enfants du cat\u00e9chisme \u00e0 10 h 30 \u00e0 Saint Joseph Convent School.<\/strong><\/p>\n\n\n\n<p>Pour plus de d\u00e9tail, voir ci-apr\u00e8s:<\/p>\n\n\n\n<div class=\"wp-block-columns\">\n<div class=\"wp-block-column\" style=\"flex-basis:100%\">\n<div class=\"wp-block-columns\">\n<div class=\"wp-block-column\" style=\"flex-basis:100%\">\n<div class=\"wp-container-1 wp-block-group\"><div class=\"wp-block-group__inner-container\">\n<figure class=\"wp-block-image size-large\"><img loading=\"lazy\" width=\"724\" height=\"1024\" src=\"http:\/\/paroisse-bangkok.com\/wp-content\/uploads\/2026\/04\/2026.04.26-4e-Dimanche-de-Paques-Annee-A-Affiche-724x1024.jpeg\" alt=\"\" class=\"wp-image-4305\" srcset=\"http:\/\/paroisse-bangkok.com\/wp-content\/uploads\/2026\/04\/2026.04.26-4e-Dimanche-de-Paques-Annee-A-Affiche-724x1024.jpeg 724w, http:\/\/paroisse-bangkok.com\/wp-content\/uploads\/2026\/04\/2026.04.26-4e-Dimanche-de-Paques-Annee-A-Affiche-212x300.jpeg 212w, http:\/\/paroisse-bangkok.com\/wp-content\/uploads\/2026\/04\/2026.04.26-4e-Dimanche-de-Paques-Annee-A-Affiche-768x1086.jpeg 768w, http:\/\/paroisse-bangkok.com\/wp-content\/uploads\/2026\/04\/2026.04.26-4e-Dimanche-de-Paques-Annee-A-Affiche-1086x1536.jpeg 1086w, http:\/\/paroisse-bangkok.com\/wp-content\/uploads\/2026\/04\/2026.04.26-4e-Dimanche-de-Paques-Annee-A-Affiche.jpeg 1131w\" sizes=\"(max-width: 724px) 100vw, 724px\" \/><\/figure>\n<\/div><\/div>\n<\/div>\n<\/div>\n<\/div>\n<\/div>\n\n\n\n<figure class=\"wp-block-image size-large\"><a href=\"https:\/\/maps.app.goo.gl\/b2uCdqTaurLwA5rD7\"><img loading=\"lazy\" width=\"818\" height=\"1024\" src=\"http:\/\/paroisse-bangkok.com\/wp-content\/uploads\/2026\/01\/Demenagement-Paroisse-Francophone-818x1024.png\" alt=\"\" class=\"wp-image-4244\" srcset=\"http:\/\/paroisse-bangkok.com\/wp-content\/uploads\/2026\/01\/Demenagement-Paroisse-Francophone-818x1024.png 818w, http:\/\/paroisse-bangkok.com\/wp-content\/uploads\/2026\/01\/Demenagement-Paroisse-Francophone-240x300.png 240w, http:\/\/paroisse-bangkok.com\/wp-content\/uploads\/2026\/01\/Demenagement-Paroisse-Francophone-768x962.png 768w, http:\/\/paroisse-bangkok.com\/wp-content\/uploads\/2026\/01\/Demenagement-Paroisse-Francophone.png 992w\" sizes=\"(max-width: 818px) 100vw, 818px\" \/><\/a><\/figure>\n\n\n\n<div class=\"wp-container-2 wp-block-group\"><div class=\"wp-block-group__inner-container\">\n<figure class=\"wp-block-gallery has-nested-images columns-default is-cropped\">\n<figure class=\"wp-block-image size-large\"><a href=\"https:\/\/maps.app.goo.gl\/Hg9zPhKwnc2BwP8F8\"><img loading=\"lazy\" width=\"1024\" height=\"768\" src=\"http:\/\/paroisse-bangkok.com\/wp-content\/uploads\/2026\/03\/Holy-Spirit-Chapel-1024x768.jpg\" alt=\"\" class=\"wp-image-4291\" srcset=\"http:\/\/paroisse-bangkok.com\/wp-content\/uploads\/2026\/03\/Holy-Spirit-Chapel-1024x768.jpg 1024w, http:\/\/paroisse-bangkok.com\/wp-content\/uploads\/2026\/03\/Holy-Spirit-Chapel-300x225.jpg 300w, http:\/\/paroisse-bangkok.com\/wp-content\/uploads\/2026\/03\/Holy-Spirit-Chapel-768x576.jpg 768w, http:\/\/paroisse-bangkok.com\/wp-content\/uploads\/2026\/03\/Holy-Spirit-Chapel.jpg 1360w\" sizes=\"(max-width: 1024px) 100vw, 1024px\" \/><\/a><figcaption>Holy Spirit Chapel<\/figcaption><\/figure>\n<\/figure>\n\n\n\n<figure class=\"wp-block-gallery has-nested-images columns-default is-cropped\"><figcaption class=\"blocks-gallery-caption\">Rentr\u00e9e 2024, venez nombreux!<\/figcaption><\/figure>\n\n\n\n<h2>Informations compl\u00e9mentaires<\/h2>\n\n\n\n<figure class=\"wp-block-gallery has-nested-images columns-default is-cropped\">\n<figure class=\"wp-block-image size-large\"><img loading=\"lazy\" width=\"246\" height=\"205\" src=\"http:\/\/paroisse-bangkok.com\/wp-content\/uploads\/2026\/01\/image.jpeg\" alt=\"\" class=\"wp-image-4256\"\/><\/figure>\n<\/figure>\n\n\n\n<p>La prochaine session de pr\u00e9paration au bapt\u00eame pour les enfants de moins de 3 ans se d\u00e9roulera en deux soir\u00e9es. Elles auront lieu le 16 f\u00e9vrier 2026 de 20h \u00e0 22h dans le centre de Bangkok (Sathon), et le 16 mars 2026 \u00e0 la maison des Missions \u00c9trang\u00e8res \u00e0 Holy Rosary Church (Talad Noi) La pr\u00e9paration se fait entre adultes uniquement, sans enfants.<br>Veuillez contacter la paroisse par mail pour vous y inscrire! <\/p>\n\n\n\n<p><\/p>\n\n\n\n<p><\/p>\n\n\n\n<p><img loading=\"lazy\" width=\"16\" height=\"16\" src=\"https:\/\/static.xx.fbcdn.net\/images\/emoji.php\/v9\/t5d\/2\/16\/1f4e7.png\" alt=\"\ud83d\udce7\"> paroissecatholique.bangkok@gmail.com <\/p>\n\n\n\n<p> Merci de relayer largement autour de vous !<\/p>\n\n\n\n<h2>Contact<\/h2>\n\n\n\n<p>paroissecatholique.bangkok@gmail.com<\/p>\n\n\n\n<div class=\"wp-block-image\"><figure class=\"aligncenter size-large is-resized\"><img loading=\"lazy\" src=\"http:\/\/paroisse-bangkok.com\/wp-content\/uploads\/2024\/04\/WhatsApp-Image-2024-02-07-a-21.46.22_40bf92c1-709x1024.jpg\" alt=\"\" class=\"wp-image-3869\" width=\"278\" height=\"401\" srcset=\"http:\/\/paroisse-bangkok.com\/wp-content\/uploads\/2024\/04\/WhatsApp-Image-2024-02-07-a-21.46.22_40bf92c1-709x1024.jpg 709w, http:\/\/paroisse-bangkok.com\/wp-content\/uploads\/2024\/04\/WhatsApp-Image-2024-02-07-a-21.46.22_40bf92c1-208x300.jpg 208w, http:\/\/paroisse-bangkok.com\/wp-content\/uploads\/2024\/04\/WhatsApp-Image-2024-02-07-a-21.46.22_40bf92c1-768x1109.jpg 768w, http:\/\/paroisse-bangkok.com\/wp-content\/uploads\/2024\/04\/WhatsApp-Image-2024-02-07-a-21.46.22_40bf92c1-1064x1536.jpg 1064w, http:\/\/paroisse-bangkok.com\/wp-content\/uploads\/2024\/04\/WhatsApp-Image-2024-02-07-a-21.46.22_40bf92c1.jpg 1108w\" sizes=\"(max-width: 278px) 100vw, 278px\" \/><figcaption>Aum\u00f4nier de la Communaut\u00e9 Catholique Francophone \u00e0 Bangkok, le <strong>p\u00e8re Brice Testu<\/strong>, pr\u00eatre des Missions \u00c9trang\u00e8res de Paris en minist\u00e8re dans le dioc\u00e8se de Bangkok.<\/figcaption><\/figure><\/div>\n<\/div><\/div>\n","protected":false},"excerpt":{"rendered":"<p>Chers visiteurs, chers paroissiens, soyez les bienvenus \u00e0 la paroisse francophone de Bangkok ! Bienvenue dans le temps pascal ! Nous avons v\u00e9cu une magnifique Semaine sainte, avec deux beaux bapt\u00eames et trois confirmations ! Dans la joie de P\u00e2ques, nous nous retrouvons pour c\u00e9l\u00e9brer les premi\u00e8res communion des enfants du cat\u00e9chisme \u00e0 10 h &hellip; <a href=\"http:\/\/paroisse-bangkok.com\/\" class=\"more-link\">Continuer la lecture de <span class=\"screen-reader-text\">Informations Paroissiales<\/span><\/a><\/p>\n","protected":false},"author":1,"featured_media":0,"parent":0,"menu_order":0,"comment_status":"closed","ping_status":"closed","template":"","meta":[],"_links":{"self":[{"href":"http:\/\/paroisse-bangkok.com\/index.php\/wp-json\/wp\/v2\/pages\/98"}],"collection":[{"href":"http:\/\/paroisse-bangkok.com\/index.php\/wp-json\/wp\/v2\/pages"}],"about":[{"href":"http:\/\/paroisse-bangkok.com\/index.php\/wp-json\/wp\/v2\/types\/page"}],"author":[{"embeddable":true,"href":"http:\/\/paroisse-bangkok.com\/index.php\/wp-json\/wp\/v2\/users\/1"}],"replies":[{"embeddable":true,"href":"http:\/\/paroisse-bangkok.com\/index.php\/wp-json\/wp\/v2\/comments?post=98"}],"version-history":[{"count":1794,"href":"http:\/\/paroisse-bangkok.com\/index.php\/wp-json\/wp\/v2\/pages\/98\/revisions"}],"predecessor-version":[{"id":4307,"href":"http:\/\/paroisse-bangkok.com\/index.php\/wp-json\/wp\/v2\/pages\/98\/revisions\/4307"}],"wp:attachment":[{"href":"http:\/\/paroisse-bangkok.com\/index.php\/wp-json\/wp\/v2\/media?parent=98"}],"curies":[{"name":"wp","href":"https:\/\/api.w.org\/{rel}","templated":true}]}}